{"id":4434,"date":"2024-04-26T17:18:49","date_gmt":"2024-04-26T23:18:49","guid":{"rendered":"https:\/\/libreriahistoriasdebolsillo.com\/?post_type=product&#038;p=4434"},"modified":"2025-12-18T18:07:09","modified_gmt":"2025-12-19T00:07:09","slug":"la-catedral-del-mar","status":"publish","type":"product","link":"https:\/\/libreriahistoriasdebolsillo.com\/index.php\/producto\/la-catedral-del-mar\/","title":{"rendered":"La catedral del mar"},"content":{"rendered":"<p><i><b>La catedral del mar<\/b><\/i><b>\u00a0es una trama en la que se entrecruzan lealtad y venganza, traici\u00f3n y amor, guerra y peste, en un mundo marcado por la intolerancia religiosa, la ambici\u00f3n material y la segregaci\u00f3n social. Todo ello convierte esta obra no s\u00f3lo en una novela absorbente, sino tambi\u00e9n en la m\u00e1s fascinante y ambiciosa recreaci\u00f3n de las luces y sombras de la \u00e9poca feudal.<\/b><\/p>\n<p><b>Siglo XIV.<\/b>\u00a0La ciudad de Barcelona se encuentra en su momento de mayor prosperidad; ha crecido hacia la Ribera, el humilde barrio de los pescadores, cuyos habitantes deciden construir, con el dinero de unos y el esfuerzo de otros, el mayor templo mariano jam\u00e1s conocido:\u00a0<b>Santa Mar\u00eda de la Mar<\/b>.<\/p>\n<p>Una construcci\u00f3n que es paralela a la azarosa historia de\u00a0<b>Arnau<\/b>, un siervo de la tierra que huye de los abusos de su se\u00f1or feudal y se refugia en Barcelona, donde se convierte en ciudadano y, con ello, en hombre libre.<\/p>\n<p>El joven Arnau trabaja como palafrenero, estibador, soldado y cambista. Una vida extenuante, siempre al amparo de la catedral de la mar, que le iba a llevar de la miseria del fugitivo a la nobleza y la riqueza. Pero con esta posici\u00f3n privilegiada tambi\u00e9n le llega la envidia de sus pares, que urden una s\u00f3rdida conjura que pone su vida en manos de la Inquisici\u00f3n&#8230;<\/p>\n","protected":false},"excerpt":{"rendered":"<p>Ildefonso Falcones<\/p>\n","protected":false},"featured_media":4435,"template":"","meta":{"_joinchat":[]},"product_brand":[],"product_cat":[33,56],"product_tag":[34],"class_list":{"0":"post-4434","1":"product","2":"type-product","3":"status-publish","4":"has-post-thumbnail","6":"product_cat-ficcion-general","7":"product_cat-historica","8":"product_tag-penguin-random-house","10":"first","11":"outofstock","12":"shipping-taxable","13":"purchasable","14":"product-type-simple"},"_links":{"self":[{"href":"https:\/\/libreriahistoriasdebolsillo.com\/index.php\/wp-json\/wp\/v2\/product\/4434","targetHints":{"allow":["GET"]}}],"collection":[{"href":"https:\/\/libreriahistoriasdebolsillo.com\/index.php\/wp-json\/wp\/v2\/product"}],"about":[{"href":"https:\/\/libreriahistoriasdebolsillo.com\/index.php\/wp-json\/wp\/v2\/types\/product"}],"wp:featuredmedia":[{"embeddable":true,"href":"https:\/\/libreriahistoriasdebolsillo.com\/index.php\/wp-json\/wp\/v2\/media\/4435"}],"wp:attachment":[{"href":"https:\/\/libreriahistoriasdebolsillo.com\/index.php\/wp-json\/wp\/v2\/media?parent=4434"}],"wp:term":[{"taxonomy":"product_brand","embeddable":true,"href":"https:\/\/libreriahistoriasdebolsillo.com\/index.php\/wp-json\/wp\/v2\/product_brand?post=4434"},{"taxonomy":"product_cat","embeddable":true,"href":"https:\/\/libreriahistoriasdebolsillo.com\/index.php\/wp-json\/wp\/v2\/product_cat?post=4434"},{"taxonomy":"product_tag","embeddable":true,"href":"https:\/\/libreriahistoriasdebolsillo.com\/index.php\/wp-json\/wp\/v2\/product_tag?post=4434"}],"curies":[{"name":"wp","href":"https:\/\/api.w.org\/{rel}","templated":true}]}}