{"id":4436,"date":"2024-04-26T17:20:45","date_gmt":"2024-04-26T23:20:45","guid":{"rendered":"https:\/\/libreriahistoriasdebolsillo.com\/?post_type=product&#038;p=4436"},"modified":"2024-07-01T14:29:53","modified_gmt":"2024-07-01T20:29:53","slug":"perdida","status":"publish","type":"product","link":"https:\/\/libreriahistoriasdebolsillo.com\/index.php\/producto\/perdida\/","title":{"rendered":"Perdida"},"content":{"rendered":"<p>DESCUBRE LA DELGADA L\u00cdNEA QUE SEPARA EL AMOR DE LA MUERTE<\/p>\n<p>En un caluroso d\u00eda de verano,\u00a0<b>Amy\u00a0<\/b>y<b>\u00a0Nick\u00a0<\/b>se disponen a celebrar su quinto aniversario de bodas en North Carthage, a orillas del r\u00edo Mississippi. Pero Amy desaparece esa misma ma\u00f1ana sin dejar rastro. A medida que la\u00a0<b>investigaci\u00f3n policial<\/b>\u00a0avanza las sospechas recaen sobreNick. Sin embargo, \u00e9l insiste en su inocencia. Es cierto que se muestra extra\u00f1amente evasivo y fr\u00edo, pero \u00bfes un\u00a0<b>asesino<\/b>?<\/p>\n<p><i>Perdida<\/i>\u00a0arranca, como todo buen thriller que se precie de serlo, con una<b>\u00a0mujer desaparecida\u00a0<\/b>y una investigaci\u00f3n policial&#8230; Pero es que\u00a0<i>Perdida\u00a0<\/i>no es s\u00f3lo una gran historia, es una obra maestra. Un thriller psicol\u00f3gico brillante con una trama tan apasionada y con giros tan inesperados que es absolutamente imposible parar de leer.\u00a0<i>Perdida<\/i>es tambi\u00e9n una novela sobre el lado m\u00e1s oscuro del matrimonio, sobre los enga\u00f1os, las decepciones, la obsesi\u00f3n, el miedo.<\/p>\n<p>Una radiograf\u00eda completamente actual de los medios de comunicaci\u00f3n y su capacidad para modelar la opini\u00f3n p\u00fablica. Pero sobre todo es la historia de amor de dos personas perdidamente enamoradas.<\/p>\n","protected":false},"excerpt":{"rendered":"<p>Gillian Flynn<\/p>\n","protected":false},"featured_media":4437,"template":"","meta":{"_joinchat":[]},"product_brand":[],"product_cat":[37],"product_tag":[34],"class_list":{"0":"post-4436","1":"product","2":"type-product","3":"status-publish","4":"has-post-thumbnail","6":"product_cat-misterio-y-thriller","7":"product_tag-penguin-random-house","9":"first","10":"outofstock","11":"shipping-taxable","12":"purchasable","13":"product-type-simple"},"_links":{"self":[{"href":"https:\/\/libreriahistoriasdebolsillo.com\/index.php\/wp-json\/wp\/v2\/product\/4436","targetHints":{"allow":["GET"]}}],"collection":[{"href":"https:\/\/libreriahistoriasdebolsillo.com\/index.php\/wp-json\/wp\/v2\/product"}],"about":[{"href":"https:\/\/libreriahistoriasdebolsillo.com\/index.php\/wp-json\/wp\/v2\/types\/product"}],"wp:featuredmedia":[{"embeddable":true,"href":"https:\/\/libreriahistoriasdebolsillo.com\/index.php\/wp-json\/wp\/v2\/media\/4437"}],"wp:attachment":[{"href":"https:\/\/libreriahistoriasdebolsillo.com\/index.php\/wp-json\/wp\/v2\/media?parent=4436"}],"wp:term":[{"taxonomy":"product_brand","embeddable":true,"href":"https:\/\/libreriahistoriasdebolsillo.com\/index.php\/wp-json\/wp\/v2\/product_brand?post=4436"},{"taxonomy":"product_cat","embeddable":true,"href":"https:\/\/libreriahistoriasdebolsillo.com\/index.php\/wp-json\/wp\/v2\/product_cat?post=4436"},{"taxonomy":"product_tag","embeddable":true,"href":"https:\/\/libreriahistoriasdebolsillo.com\/index.php\/wp-json\/wp\/v2\/product_tag?post=4436"}],"curies":[{"name":"wp","href":"https:\/\/api.w.org\/{rel}","templated":true}]}}