{"id":4438,"date":"2024-04-26T17:23:25","date_gmt":"2024-04-26T23:23:25","guid":{"rendered":"https:\/\/libreriahistoriasdebolsillo.com\/?post_type=product&#038;p=4438"},"modified":"2024-07-01T14:30:27","modified_gmt":"2024-07-01T20:30:27","slug":"the-century-1-la-caida-de-los-gigantes","status":"publish","type":"product","link":"https:\/\/libreriahistoriasdebolsillo.com\/index.php\/producto\/the-century-1-la-caida-de-los-gigantes\/","title":{"rendered":"The Century 1. La ca\u00edda de los gigantes"},"content":{"rendered":"<p>La historia empieza en 1911, el d\u00eda de la coronaci\u00f3n del rey Jorge V en la abad\u00eda de Westminster. El destino de los Williams, una familia minera de Gales, est\u00e1 unido por el amor y la enemistad al de los Fitzherbert, arist\u00f3cratas y propietarios de las minas. Lady Maud Fitzherbert se enamorar\u00e1 de Walter von Ulrich, un joven esp\u00eda en la embajada alemana en Londres. Sus vidas se entrelazar\u00e1n con la de un asesor progresista del presidente de Estados Unidos, Woodrow Wilson, y la de dos hermanos rusos a los que la guerra y la revoluci\u00f3n les ha arrebatado su sue\u00f1o de buscar fortuna en Am\u00e9rica. Desde Washington hasta San Petersburgo, desde la inmundicia y los peligros de las minas de carb\u00f3n hasta los candelabros lujosos de los palacios de la aristocracia, pasando por los pasillos de la Casa Blanca y el parlamento de Westminster, Ken Follett nos ofrece, en su novela m\u00e1s ambiciosa, un esmerado retrato de una \u00e9poca y de las pasiones que espolearon la vida de sus personajes.<\/p>\n<p>\u00abEsta es la historia de mis abuelos y de los de ustedes, de nuestros padres y de nuestras propias vidas. De alguna forma es la historia de todos nosotros.\u00bb<\/p>\n<p>Ken Follett<\/p>\n","protected":false},"excerpt":{"rendered":"<p>Ken Follet<\/p>\n","protected":false},"featured_media":4439,"template":"","meta":{"_joinchat":[]},"product_brand":[],"product_cat":[33,56],"product_tag":[34],"class_list":{"0":"post-4438","1":"product","2":"type-product","3":"status-publish","4":"has-post-thumbnail","6":"product_cat-ficcion-general","7":"product_cat-historica","8":"product_tag-penguin-random-house","10":"first","11":"outofstock","12":"shipping-taxable","13":"purchasable","14":"product-type-simple"},"_links":{"self":[{"href":"https:\/\/libreriahistoriasdebolsillo.com\/index.php\/wp-json\/wp\/v2\/product\/4438","targetHints":{"allow":["GET"]}}],"collection":[{"href":"https:\/\/libreriahistoriasdebolsillo.com\/index.php\/wp-json\/wp\/v2\/product"}],"about":[{"href":"https:\/\/libreriahistoriasdebolsillo.com\/index.php\/wp-json\/wp\/v2\/types\/product"}],"wp:featuredmedia":[{"embeddable":true,"href":"https:\/\/libreriahistoriasdebolsillo.com\/index.php\/wp-json\/wp\/v2\/media\/4439"}],"wp:attachment":[{"href":"https:\/\/libreriahistoriasdebolsillo.com\/index.php\/wp-json\/wp\/v2\/media?parent=4438"}],"wp:term":[{"taxonomy":"product_brand","embeddable":true,"href":"https:\/\/libreriahistoriasdebolsillo.com\/index.php\/wp-json\/wp\/v2\/product_brand?post=4438"},{"taxonomy":"product_cat","embeddable":true,"href":"https:\/\/libreriahistoriasdebolsillo.com\/index.php\/wp-json\/wp\/v2\/product_cat?post=4438"},{"taxonomy":"product_tag","embeddable":true,"href":"https:\/\/libreriahistoriasdebolsillo.com\/index.php\/wp-json\/wp\/v2\/product_tag?post=4438"}],"curies":[{"name":"wp","href":"https:\/\/api.w.org\/{rel}","templated":true}]}}