{"id":4444,"date":"2024-04-26T17:32:07","date_gmt":"2024-04-26T23:32:07","guid":{"rendered":"https:\/\/libreriahistoriasdebolsillo.com\/?post_type=product&#038;p=4444"},"modified":"2024-07-01T14:30:13","modified_gmt":"2024-07-01T20:30:13","slug":"saga-los-pilares-de-la-tierra-1","status":"publish","type":"product","link":"https:\/\/libreriahistoriasdebolsillo.com\/index.php\/producto\/saga-los-pilares-de-la-tierra-1\/","title":{"rendered":"Saga Los pilares de la Tierra 1"},"content":{"rendered":"<p><b>La obra maestra de Ken Follet. Una excepcional evocaci\u00f3n de una \u00e9poca de violentas pasiones.<\/b><\/p>\n<p>El gran maestro de la narrativa de acci\u00f3n y suspenso nos transporta a la Edad Media, a un fascinante mundo de reyes, damas, caballeros, pugnas feudales, castillos y ciudades amuralladas. El amor y la muerte se entrecruzan vibrantemente en este magistral tapiz cuyo centro es la construcci\u00f3n de una catedral g\u00f3tica. La historia se inicia con el ahorcamiento p\u00fablico de un inocente y finaliza con la humillaci\u00f3n de un rey.<\/p>\n<p><i>\u00abFant\u00e1stico desde todos los puntos de vista.\u00bb<\/i><\/p>\n<p>El Mundo<\/p>\n","protected":false},"excerpt":{"rendered":"<p>Ken Follet<\/p>\n","protected":false},"featured_media":4445,"template":"","meta":{"_joinchat":[]},"product_brand":[],"product_cat":[39,56],"product_tag":[34],"class_list":{"0":"post-4444","1":"product","2":"type-product","3":"status-publish","4":"has-post-thumbnail","6":"product_cat-fantasia","7":"product_cat-historica","8":"product_tag-penguin-random-house","10":"first","11":"outofstock","12":"shipping-taxable","13":"purchasable","14":"product-type-simple"},"_links":{"self":[{"href":"https:\/\/libreriahistoriasdebolsillo.com\/index.php\/wp-json\/wp\/v2\/product\/4444","targetHints":{"allow":["GET"]}}],"collection":[{"href":"https:\/\/libreriahistoriasdebolsillo.com\/index.php\/wp-json\/wp\/v2\/product"}],"about":[{"href":"https:\/\/libreriahistoriasdebolsillo.com\/index.php\/wp-json\/wp\/v2\/types\/product"}],"wp:featuredmedia":[{"embeddable":true,"href":"https:\/\/libreriahistoriasdebolsillo.com\/index.php\/wp-json\/wp\/v2\/media\/4445"}],"wp:attachment":[{"href":"https:\/\/libreriahistoriasdebolsillo.com\/index.php\/wp-json\/wp\/v2\/media?parent=4444"}],"wp:term":[{"taxonomy":"product_brand","embeddable":true,"href":"https:\/\/libreriahistoriasdebolsillo.com\/index.php\/wp-json\/wp\/v2\/product_brand?post=4444"},{"taxonomy":"product_cat","embeddable":true,"href":"https:\/\/libreriahistoriasdebolsillo.com\/index.php\/wp-json\/wp\/v2\/product_cat?post=4444"},{"taxonomy":"product_tag","embeddable":true,"href":"https:\/\/libreriahistoriasdebolsillo.com\/index.php\/wp-json\/wp\/v2\/product_tag?post=4444"}],"curies":[{"name":"wp","href":"https:\/\/api.w.org\/{rel}","templated":true}]}}