{"id":4447,"date":"2024-04-26T17:34:10","date_gmt":"2024-04-26T23:34:10","guid":{"rendered":"https:\/\/libreriahistoriasdebolsillo.com\/?post_type=product&#038;p=4447"},"modified":"2024-07-01T14:30:09","modified_gmt":"2024-07-01T20:30:09","slug":"el-escandalo-modigliani","status":"publish","type":"product","link":"https:\/\/libreriahistoriasdebolsillo.com\/index.php\/producto\/el-escandalo-modigliani\/","title":{"rendered":"El esc\u00e1ndalo Modigliani"},"content":{"rendered":"<p>Dee, una joven<b>\u00a0historiadora del arte<\/b>, descubre la posible existencia de un raro cuadro de\u00a0<b>Amedeo Modigliani<\/b>, uno de los m\u00e1s c\u00e9lebres pintores de la contemporaneidad. Sus sospechas la llevan a pensar que la obra puede hallarse en un peque\u00f1o pueblo italiano.<\/p>\n<p>Ante la perspectiva de un\u00a0<b>descubrimiento extraordinario<\/b>, Dee informa a su t\u00edo Charles, un galerista londinense. Pero la investigadora no es la \u00fanica interesada en encontrar ese cuadro: Cardwell, un acaudalado\u00a0<b>coleccionista<\/b>, pone en marcha una operaci\u00f3n para apoderarse del Modigliani&#8230; cueste lo que cueste.<\/p>\n<p>Todas las<b>\u00a0intrigas y corrupciones<\/b>\u00a0del mundo del arte, con sus notables implicaciones econ\u00f3micas, desfilan por estas p\u00e1ginas escritas con la habitual maestr\u00eda de Ken Follett.<\/p>\n<p><b>\u00abEl maestro n\u00famero uno del thriller\u00bb<\/b><\/p>\n<p><b><i>Time<\/i><\/b><\/p>\n","protected":false},"excerpt":{"rendered":"<p>Ken Follet<\/p>\n","protected":false},"featured_media":4448,"template":"","meta":{"_joinchat":[]},"product_brand":[],"product_cat":[37],"product_tag":[34],"class_list":{"0":"post-4447","1":"product","2":"type-product","3":"status-publish","4":"has-post-thumbnail","6":"product_cat-misterio-y-thriller","7":"product_tag-penguin-random-house","9":"first","10":"outofstock","11":"shipping-taxable","12":"purchasable","13":"product-type-simple"},"_links":{"self":[{"href":"https:\/\/libreriahistoriasdebolsillo.com\/index.php\/wp-json\/wp\/v2\/product\/4447","targetHints":{"allow":["GET"]}}],"collection":[{"href":"https:\/\/libreriahistoriasdebolsillo.com\/index.php\/wp-json\/wp\/v2\/product"}],"about":[{"href":"https:\/\/libreriahistoriasdebolsillo.com\/index.php\/wp-json\/wp\/v2\/types\/product"}],"wp:featuredmedia":[{"embeddable":true,"href":"https:\/\/libreriahistoriasdebolsillo.com\/index.php\/wp-json\/wp\/v2\/media\/4448"}],"wp:attachment":[{"href":"https:\/\/libreriahistoriasdebolsillo.com\/index.php\/wp-json\/wp\/v2\/media?parent=4447"}],"wp:term":[{"taxonomy":"product_brand","embeddable":true,"href":"https:\/\/libreriahistoriasdebolsillo.com\/index.php\/wp-json\/wp\/v2\/product_brand?post=4447"},{"taxonomy":"product_cat","embeddable":true,"href":"https:\/\/libreriahistoriasdebolsillo.com\/index.php\/wp-json\/wp\/v2\/product_cat?post=4447"},{"taxonomy":"product_tag","embeddable":true,"href":"https:\/\/libreriahistoriasdebolsillo.com\/index.php\/wp-json\/wp\/v2\/product_tag?post=4447"}],"curies":[{"name":"wp","href":"https:\/\/api.w.org\/{rel}","templated":true}]}}