{"id":4449,"date":"2024-04-26T17:35:53","date_gmt":"2024-04-26T23:35:53","guid":{"rendered":"https:\/\/libreriahistoriasdebolsillo.com\/?post_type=product&#038;p=4449"},"modified":"2024-07-01T14:30:05","modified_gmt":"2024-07-01T20:30:05","slug":"la-isla-de-las-tormentas","status":"publish","type":"product","link":"https:\/\/libreriahistoriasdebolsillo.com\/index.php\/producto\/la-isla-de-las-tormentas\/","title":{"rendered":"La isla de las tormentas"},"content":{"rendered":"<p>En el a\u00f1o 1944 los aliados preparan en secreto una de las mayores operaciones militares de la historia: la invasi\u00f3n de la Europa ocupada por los nazis.<\/p>\n<p>Henry Faber, esp\u00eda alem\u00e1n, descubre que el desembarco se efectuar\u00e1 en Normad\u00eda e intenta llevar la noticia al Alto Mando alem\u00e1n, pero nunca llegar\u00e1 a su destino&#8230;<\/p>\n<p><b>La cr\u00edtica ha dicho&#8230;<\/b><br \/>\n\u00abUna novela de espionaje del m\u00e1s alto nivel.\u00bb<br \/>\n<i>Baltimore Sun<\/i><\/p>\n<p>\u00abUn suspenseextraordinario con el que el coraz\u00f3n dar\u00e1 mil vuelcos y los nervios estar\u00e1n a flor de piel.\u00bb<br \/>\n<i>Los Angeles Times<\/i><\/p>\n","protected":false},"excerpt":{"rendered":"<p>Ken Follet<\/p>\n","protected":false},"featured_media":4450,"template":"","meta":{"_joinchat":[]},"product_brand":[],"product_cat":[37],"product_tag":[34],"class_list":{"0":"post-4449","1":"product","2":"type-product","3":"status-publish","4":"has-post-thumbnail","6":"product_cat-misterio-y-thriller","7":"product_tag-penguin-random-house","9":"first","10":"outofstock","11":"shipping-taxable","12":"purchasable","13":"product-type-simple"},"_links":{"self":[{"href":"https:\/\/libreriahistoriasdebolsillo.com\/index.php\/wp-json\/wp\/v2\/product\/4449","targetHints":{"allow":["GET"]}}],"collection":[{"href":"https:\/\/libreriahistoriasdebolsillo.com\/index.php\/wp-json\/wp\/v2\/product"}],"about":[{"href":"https:\/\/libreriahistoriasdebolsillo.com\/index.php\/wp-json\/wp\/v2\/types\/product"}],"wp:featuredmedia":[{"embeddable":true,"href":"https:\/\/libreriahistoriasdebolsillo.com\/index.php\/wp-json\/wp\/v2\/media\/4450"}],"wp:attachment":[{"href":"https:\/\/libreriahistoriasdebolsillo.com\/index.php\/wp-json\/wp\/v2\/media?parent=4449"}],"wp:term":[{"taxonomy":"product_brand","embeddable":true,"href":"https:\/\/libreriahistoriasdebolsillo.com\/index.php\/wp-json\/wp\/v2\/product_brand?post=4449"},{"taxonomy":"product_cat","embeddable":true,"href":"https:\/\/libreriahistoriasdebolsillo.com\/index.php\/wp-json\/wp\/v2\/product_cat?post=4449"},{"taxonomy":"product_tag","embeddable":true,"href":"https:\/\/libreriahistoriasdebolsillo.com\/index.php\/wp-json\/wp\/v2\/product_tag?post=4449"}],"curies":[{"name":"wp","href":"https:\/\/api.w.org\/{rel}","templated":true}]}}