{"id":4451,"date":"2024-04-26T17:38:28","date_gmt":"2024-04-26T23:38:28","guid":{"rendered":"https:\/\/libreriahistoriasdebolsillo.com\/?post_type=product&#038;p=4451"},"modified":"2024-07-01T14:31:06","modified_gmt":"2024-07-01T20:31:06","slug":"la-silla-del-aguila-2","status":"publish","type":"product","link":"https:\/\/libreriahistoriasdebolsillo.com\/index.php\/producto\/la-silla-del-aguila-2\/","title":{"rendered":"La silla del \u00e1guila"},"content":{"rendered":"<p><b>De Carlos Fuentes, autor de<i>\u00a0La regi\u00f3n m\u00e1s transparente\u00a0<\/i><\/b>y\u00a0<b><i>La muerte de Artemio Cruz<\/i>.<\/b><\/p>\n<p><b>En el a\u00f1o 2020, en un M\u00e9xico sin telecomunicaciones, se desata la lucha por la presidencia, es decir, por sentarse en\u00a0<i>La Silla del \u00c1guila\u00a0<\/i>y no abandonarla nunca m\u00e1s.<\/b><\/p>\n<p>Una lucha donde no hay lealtad que valga: por conseguir el poder, el padre es capaz de traicionar al hijo, la esposa al c\u00f3nyuge, el secretario de estado al primer mandatario. Y donde todo puede pasar: cr\u00edmenes de viejos caciques, espionaje de supuestos allegados, maniobras t\u00e9tricas, extorsi\u00f3n sexual&#8230; o que incluso reaparezca en la escena pol\u00edtica un fallido candidato presidencial al que todos creyeron asesinado a\u00f1os atr\u00e1s.<\/p>\n<p><b>La cr\u00edtica ha opinado:<\/b><\/p>\n<p>\u00abUn drama absorbente&#8230; el mejor Fuentes\u00bb &#8211;<i>Sunday Times<\/i>&#8211;<\/p>\n","protected":false},"excerpt":{"rendered":"<p>Carlos Fuentes<\/p>\n","protected":false},"featured_media":4452,"template":"","meta":{"_joinchat":[]},"product_brand":[],"product_cat":[78],"product_tag":[34],"class_list":{"0":"post-4451","1":"product","2":"type-product","3":"status-publish","4":"has-post-thumbnail","6":"product_cat-contemporanea","7":"product_tag-penguin-random-house","9":"first","10":"outofstock","11":"shipping-taxable","12":"purchasable","13":"product-type-simple"},"_links":{"self":[{"href":"https:\/\/libreriahistoriasdebolsillo.com\/index.php\/wp-json\/wp\/v2\/product\/4451","targetHints":{"allow":["GET"]}}],"collection":[{"href":"https:\/\/libreriahistoriasdebolsillo.com\/index.php\/wp-json\/wp\/v2\/product"}],"about":[{"href":"https:\/\/libreriahistoriasdebolsillo.com\/index.php\/wp-json\/wp\/v2\/types\/product"}],"wp:featuredmedia":[{"embeddable":true,"href":"https:\/\/libreriahistoriasdebolsillo.com\/index.php\/wp-json\/wp\/v2\/media\/4452"}],"wp:attachment":[{"href":"https:\/\/libreriahistoriasdebolsillo.com\/index.php\/wp-json\/wp\/v2\/media?parent=4451"}],"wp:term":[{"taxonomy":"product_brand","embeddable":true,"href":"https:\/\/libreriahistoriasdebolsillo.com\/index.php\/wp-json\/wp\/v2\/product_brand?post=4451"},{"taxonomy":"product_cat","embeddable":true,"href":"https:\/\/libreriahistoriasdebolsillo.com\/index.php\/wp-json\/wp\/v2\/product_cat?post=4451"},{"taxonomy":"product_tag","embeddable":true,"href":"https:\/\/libreriahistoriasdebolsillo.com\/index.php\/wp-json\/wp\/v2\/product_tag?post=4451"}],"curies":[{"name":"wp","href":"https:\/\/api.w.org\/{rel}","templated":true}]}}