{"id":4455,"date":"2024-04-26T17:43:16","date_gmt":"2024-04-26T23:43:16","guid":{"rendered":"https:\/\/libreriahistoriasdebolsillo.com\/?post_type=product&#038;p=4455"},"modified":"2024-07-01T14:30:58","modified_gmt":"2024-07-01T20:30:58","slug":"gringo-viejo","status":"publish","type":"product","link":"https:\/\/libreriahistoriasdebolsillo.com\/index.php\/producto\/gringo-viejo\/","title":{"rendered":"Gringo viejo"},"content":{"rendered":"<p><b>Un fulgurante bestseller mexicano en Estados Unidos,\u00a0<i>Gringo viejo<\/i>\u00a0(1985) es una de las novelas m\u00e1s famosas de Carlos Fuentes, figura central de la narrativa y la ensay\u00edstica mexicana.<\/b><\/p>\n<p>En\u00a0<i>Gringo viejo<\/i>,\u00a0<b>Carlos Fuentes<\/b>\u00a0plasma los turbulentos a\u00f1os de la lucha revolucionaria en\u00a0<b>M\u00e9xico<\/b>, cuando un viejo escritor norteamericano esc\u00e9ptico, insalvablemente amargo, que no se resigna a esperar la muerte por enfermedad o por accidente, decide cruzar la frontera de su pa\u00eds en busca de una muerte digna.<\/p>\n<p>En\u00a0<b>1913<\/b>, el escritor norteamericano Ambrose Bierce se despidi\u00f3 de sus amigos con una carta en la que se declaraba viejo y cansado. Quer\u00eda morir y elegir c\u00f3mo. La enfermedad y el accidente le parec\u00edan indignos; en cambio, ser ajusticiado ante un pared\u00f3n mexicano&#8230;<\/p>\n<p>En el mes de noviembre cruz\u00f3 la\u00a0<b>frontera\u00a0<\/b>hacia M\u00e9xico, que estaba en plena revoluci\u00f3n, y no se volvi\u00f3 a saber de \u00e9l. La Enciclopedia Brit\u00e1nica aventura que pudo ser asesinado en el sitio de Ojinaga (enero de 1914), pues un documento de la \u00e9poca consigna la muerte en esta batalla de un \u00abgringo viejo\u00bb.<\/p>\n<p><b>Otros autores han opinado:<\/b><\/p>\n<p>\u00abLos lectores recurren a Fuentes-autor no s\u00f3lo para informarse, sino para verse retratados y, en ese reflejo, encontrarse a s\u00ed mismos\u00bb -Elena Poniatowska-<\/p>\n","protected":false},"excerpt":{"rendered":"<p>Carlos Fuentes<\/p>\n","protected":false},"featured_media":4456,"template":"","meta":{"_joinchat":[]},"product_brand":[],"product_cat":[78],"product_tag":[34],"class_list":{"0":"post-4455","1":"product","2":"type-product","3":"status-publish","4":"has-post-thumbnail","6":"product_cat-contemporanea","7":"product_tag-penguin-random-house","9":"first","10":"outofstock","11":"shipping-taxable","12":"purchasable","13":"product-type-simple"},"_links":{"self":[{"href":"https:\/\/libreriahistoriasdebolsillo.com\/index.php\/wp-json\/wp\/v2\/product\/4455","targetHints":{"allow":["GET"]}}],"collection":[{"href":"https:\/\/libreriahistoriasdebolsillo.com\/index.php\/wp-json\/wp\/v2\/product"}],"about":[{"href":"https:\/\/libreriahistoriasdebolsillo.com\/index.php\/wp-json\/wp\/v2\/types\/product"}],"wp:featuredmedia":[{"embeddable":true,"href":"https:\/\/libreriahistoriasdebolsillo.com\/index.php\/wp-json\/wp\/v2\/media\/4456"}],"wp:attachment":[{"href":"https:\/\/libreriahistoriasdebolsillo.com\/index.php\/wp-json\/wp\/v2\/media?parent=4455"}],"wp:term":[{"taxonomy":"product_brand","embeddable":true,"href":"https:\/\/libreriahistoriasdebolsillo.com\/index.php\/wp-json\/wp\/v2\/product_brand?post=4455"},{"taxonomy":"product_cat","embeddable":true,"href":"https:\/\/libreriahistoriasdebolsillo.com\/index.php\/wp-json\/wp\/v2\/product_cat?post=4455"},{"taxonomy":"product_tag","embeddable":true,"href":"https:\/\/libreriahistoriasdebolsillo.com\/index.php\/wp-json\/wp\/v2\/product_tag?post=4455"}],"curies":[{"name":"wp","href":"https:\/\/api.w.org\/{rel}","templated":true}]}}