{"id":4461,"date":"2024-04-26T17:49:32","date_gmt":"2024-04-26T23:49:32","guid":{"rendered":"https:\/\/libreriahistoriasdebolsillo.com\/?post_type=product&#038;p=4461"},"modified":"2024-07-01T14:39:00","modified_gmt":"2024-07-01T20:39:00","slug":"forastera-2-atrapada-en-el-tiempo","status":"publish","type":"product","link":"https:\/\/libreriahistoriasdebolsillo.com\/index.php\/producto\/forastera-2-atrapada-en-el-tiempo\/","title":{"rendered":"Forastera 2. Atrapada en el tiempo"},"content":{"rendered":"<p>Veinte a\u00f1os despu\u00e9s de haber experimentado la m\u00e1s extra\u00f1a aventura de su vida &#8211;<b>un viaje a trav\u00e9s del tiempo<\/b>\u00a0hasta la Escocia del siglo XVIII-, Claire Randall regresa con su hija Brianna a las\u00a0<b>imponentes y misteriosas monta\u00f1as escocesas<\/b>\u00a0donde todo comenz\u00f3.<\/p>\n<p>Con la ayuda de Roger, un joven\u00a0<b>historiador<\/b>, Claire se lanza a una obsesiva b\u00fasqueda de las tumbas de los ca\u00eddos en la batalla de Culloden, librada en 1745. El paso del tiempo no ha podido borrar los intensos recuerdos de un amor dif\u00edcil de explicar. Con el transcurrir de los d\u00edas, Claire ir\u00e1 descubriendo, ante los ojos incr\u00e9dulos de su hija y de Roger, el\u00a0<b>fascinante secreto\u00a0<\/b>cuya clave es el cauce interior que conduce al pasado.<\/p>\n","protected":false},"excerpt":{"rendered":"<p>Diana Gabaldon<\/p>\n","protected":false},"featured_media":4462,"template":"","meta":{"_joinchat":[]},"product_brand":[],"product_cat":[39,33,56],"product_tag":[34],"class_list":{"0":"post-4461","1":"product","2":"type-product","3":"status-publish","4":"has-post-thumbnail","6":"product_cat-fantasia","7":"product_cat-ficcion-general","8":"product_cat-historica","9":"product_tag-penguin-random-house","11":"first","12":"outofstock","13":"shipping-taxable","14":"purchasable","15":"product-type-simple"},"_links":{"self":[{"href":"https:\/\/libreriahistoriasdebolsillo.com\/index.php\/wp-json\/wp\/v2\/product\/4461","targetHints":{"allow":["GET"]}}],"collection":[{"href":"https:\/\/libreriahistoriasdebolsillo.com\/index.php\/wp-json\/wp\/v2\/product"}],"about":[{"href":"https:\/\/libreriahistoriasdebolsillo.com\/index.php\/wp-json\/wp\/v2\/types\/product"}],"wp:featuredmedia":[{"embeddable":true,"href":"https:\/\/libreriahistoriasdebolsillo.com\/index.php\/wp-json\/wp\/v2\/media\/4462"}],"wp:attachment":[{"href":"https:\/\/libreriahistoriasdebolsillo.com\/index.php\/wp-json\/wp\/v2\/media?parent=4461"}],"wp:term":[{"taxonomy":"product_brand","embeddable":true,"href":"https:\/\/libreriahistoriasdebolsillo.com\/index.php\/wp-json\/wp\/v2\/product_brand?post=4461"},{"taxonomy":"product_cat","embeddable":true,"href":"https:\/\/libreriahistoriasdebolsillo.com\/index.php\/wp-json\/wp\/v2\/product_cat?post=4461"},{"taxonomy":"product_tag","embeddable":true,"href":"https:\/\/libreriahistoriasdebolsillo.com\/index.php\/wp-json\/wp\/v2\/product_tag?post=4461"}],"curies":[{"name":"wp","href":"https:\/\/api.w.org\/{rel}","templated":true}]}}