{"id":4463,"date":"2024-04-26T17:51:06","date_gmt":"2024-04-26T23:51:06","guid":{"rendered":"https:\/\/libreriahistoriasdebolsillo.com\/?post_type=product&#038;p=4463"},"modified":"2024-07-01T14:38:56","modified_gmt":"2024-07-01T20:38:56","slug":"forastera-3-viajera","status":"publish","type":"product","link":"https:\/\/libreriahistoriasdebolsillo.com\/index.php\/producto\/forastera-3-viajera\/","title":{"rendered":"Forastera 3. Viajera"},"content":{"rendered":"<p>Desde el momento en que anida en su coraz\u00f3n la<b>\u00a0esperanza<\/b>\u00a0de que James Fraser haya sobrevivido la guerra entre ingleses y escoceses, Claire Randall decide emprender\u00a0<b>un nuevo viaje en el tiempo<\/b>\u00a0para reunirse con \u00e9l. El traslado es un \u00e9xito y los amantes est\u00e1n juntos otra vez, pero la felicidad se empa\u00f1a cuando las circunstancias los obligan a iniciar\u00a0<b>una larga traves\u00eda<\/b>\u00a0hacia las ex\u00f3ticas y desconocidas costas del Caribe. All\u00e1 lejos, entre las amenazas de los piratas y los misterios del vud\u00fa, Claire y James procurar\u00e1n forjarse\u00a0<b>una nueva vida<\/b>\u00a0en un ambiente que en nada se asemeja a las brumosas y beligerantes islas brit\u00e1nicas.<\/p>\n","protected":false},"excerpt":{"rendered":"<p>Diana Gabaldon<\/p>\n","protected":false},"featured_media":4464,"template":"","meta":{"_joinchat":[]},"product_brand":[],"product_cat":[39,56],"product_tag":[34],"class_list":{"0":"post-4463","1":"product","2":"type-product","3":"status-publish","4":"has-post-thumbnail","6":"product_cat-fantasia","7":"product_cat-historica","8":"product_tag-penguin-random-house","10":"first","11":"outofstock","12":"shipping-taxable","13":"purchasable","14":"product-type-simple"},"_links":{"self":[{"href":"https:\/\/libreriahistoriasdebolsillo.com\/index.php\/wp-json\/wp\/v2\/product\/4463","targetHints":{"allow":["GET"]}}],"collection":[{"href":"https:\/\/libreriahistoriasdebolsillo.com\/index.php\/wp-json\/wp\/v2\/product"}],"about":[{"href":"https:\/\/libreriahistoriasdebolsillo.com\/index.php\/wp-json\/wp\/v2\/types\/product"}],"wp:featuredmedia":[{"embeddable":true,"href":"https:\/\/libreriahistoriasdebolsillo.com\/index.php\/wp-json\/wp\/v2\/media\/4464"}],"wp:attachment":[{"href":"https:\/\/libreriahistoriasdebolsillo.com\/index.php\/wp-json\/wp\/v2\/media?parent=4463"}],"wp:term":[{"taxonomy":"product_brand","embeddable":true,"href":"https:\/\/libreriahistoriasdebolsillo.com\/index.php\/wp-json\/wp\/v2\/product_brand?post=4463"},{"taxonomy":"product_cat","embeddable":true,"href":"https:\/\/libreriahistoriasdebolsillo.com\/index.php\/wp-json\/wp\/v2\/product_cat?post=4463"},{"taxonomy":"product_tag","embeddable":true,"href":"https:\/\/libreriahistoriasdebolsillo.com\/index.php\/wp-json\/wp\/v2\/product_tag?post=4463"}],"curies":[{"name":"wp","href":"https:\/\/api.w.org\/{rel}","templated":true}]}}