{"id":4465,"date":"2024-04-26T17:52:41","date_gmt":"2024-04-26T23:52:41","guid":{"rendered":"https:\/\/libreriahistoriasdebolsillo.com\/?post_type=product&#038;p=4465"},"modified":"2024-07-01T14:38:52","modified_gmt":"2024-07-01T20:38:52","slug":"forastera-4-tambores-de-otono","status":"publish","type":"product","link":"https:\/\/libreriahistoriasdebolsillo.com\/index.php\/producto\/forastera-4-tambores-de-otono\/","title":{"rendered":"Forastera 4. Tambores de oto\u00f1o"},"content":{"rendered":"<p>Tras su huida de Escocia y su llegada al Caribe, Jamie y Claire deciden embarcarse rumbo a las colonias americanas\u00a0<b>en busca de una nueva vida<\/b>. En su\u00a0<b>ansia de libertad<\/b>, se dirigen hacia las monta\u00f1as de Carolina del Norte,\u00a0<b>el \u00fanico refugio seguro<\/b>\u00a0para alguien que procede de las Tierras Altas escocesas. All\u00ed, finalmente, y\u00a0<b>a pesar de los riesgos\u00a0<\/b>que suponen los animales salvajes, los indios yel fantasma de la hambruna, los Fraser\u00a0<b>consiguen establecer un precario sistema de vida<\/b>\u00a0con la esperanza de que la inminente Revoluci\u00f3n Americana no les alcance. Pero, como el paso de la Historia es inexorable y el peligro se cierne sobre la atribulada pareja,\u00a0<b>Brianna decide viajar al pasado<\/b>, no s\u00f3lo para reencontrarse con la madre que ha perdido y con el padre que no conoci\u00f3, sino para salvar a ambos de un futuro que s\u00f3lo ella es capaz de percibir.<\/p>\n","protected":false},"excerpt":{"rendered":"<p>Diana Gabaldon<\/p>\n","protected":false},"featured_media":4466,"template":"","meta":{"_joinchat":[]},"product_brand":[],"product_cat":[39,56],"product_tag":[34],"class_list":{"0":"post-4465","1":"product","2":"type-product","3":"status-publish","4":"has-post-thumbnail","6":"product_cat-fantasia","7":"product_cat-historica","8":"product_tag-penguin-random-house","10":"first","11":"outofstock","12":"shipping-taxable","13":"purchasable","14":"product-type-simple"},"_links":{"self":[{"href":"https:\/\/libreriahistoriasdebolsillo.com\/index.php\/wp-json\/wp\/v2\/product\/4465","targetHints":{"allow":["GET"]}}],"collection":[{"href":"https:\/\/libreriahistoriasdebolsillo.com\/index.php\/wp-json\/wp\/v2\/product"}],"about":[{"href":"https:\/\/libreriahistoriasdebolsillo.com\/index.php\/wp-json\/wp\/v2\/types\/product"}],"wp:featuredmedia":[{"embeddable":true,"href":"https:\/\/libreriahistoriasdebolsillo.com\/index.php\/wp-json\/wp\/v2\/media\/4466"}],"wp:attachment":[{"href":"https:\/\/libreriahistoriasdebolsillo.com\/index.php\/wp-json\/wp\/v2\/media?parent=4465"}],"wp:term":[{"taxonomy":"product_brand","embeddable":true,"href":"https:\/\/libreriahistoriasdebolsillo.com\/index.php\/wp-json\/wp\/v2\/product_brand?post=4465"},{"taxonomy":"product_cat","embeddable":true,"href":"https:\/\/libreriahistoriasdebolsillo.com\/index.php\/wp-json\/wp\/v2\/product_cat?post=4465"},{"taxonomy":"product_tag","embeddable":true,"href":"https:\/\/libreriahistoriasdebolsillo.com\/index.php\/wp-json\/wp\/v2\/product_tag?post=4465"}],"curies":[{"name":"wp","href":"https:\/\/api.w.org\/{rel}","templated":true}]}}