{"id":4467,"date":"2024-04-26T17:54:20","date_gmt":"2024-04-26T23:54:20","guid":{"rendered":"https:\/\/libreriahistoriasdebolsillo.com\/?post_type=product&#038;p=4467"},"modified":"2024-07-01T14:38:48","modified_gmt":"2024-07-01T20:38:48","slug":"forastera-5-la-cruz-ardiente","status":"publish","type":"product","link":"https:\/\/libreriahistoriasdebolsillo.com\/index.php\/producto\/forastera-5-la-cruz-ardiente\/","title":{"rendered":"Forastera 5. La cruz ardiente"},"content":{"rendered":"<p>Dividida entre salvar a su marido de los peligros que se avecinan, o por el contrario provocar el\u00a0<b>estallido de la violencia<\/b>\u00a0entre la Corona inglesa y las trece colonias norteamericanas, Claire vive otra vez el dilema de quien, aun conociendo los acontecimientos del futuro, tiene que adaptarse a su vida del presente.<\/p>\n<p>Nacida en 1918 enInglaterra, Claire Randall sirvi\u00f3 como enfermera en la Segunda Guerra Mundial. Terminado el conflicto, un\u00a0<b>viaje en el tiempo<\/b>\u00a0la traslada a las Tierras Altas escocesas de 1743, donde se convierte en esposa de Jamie Fraser, y m\u00e1s tarde en madre y cirujana, aunque contin\u00faa sinti\u00e9ndose extranjera, fuera de su lugar y de su tiempo.<\/p>\n<p><b>Arrolladora e inolvidable<\/b>,la \u00faltima novela de Diana Gabaldon es un vibrante\u00a0<b>drama humano<\/b>\u00a0dibujado sobre el tapiz de la\u00a0<b>Historia<\/b>. Con una\u00a0<b>maestr\u00eda narrativa<\/b>\u00a0sin igual,\u00a0<i>La cruz ardiente<\/i>\u00a0no defraudar\u00e1 a los miles de leales seguidores de la autora y asombrar\u00e1 a los lectores que todav\u00eda no la han descubierto.<\/p>\n","protected":false},"excerpt":{"rendered":"<p>Diana Gabaldon<\/p>\n","protected":false},"featured_media":4468,"template":"","meta":{"_joinchat":[]},"product_brand":[],"product_cat":[39,56],"product_tag":[34],"class_list":{"0":"post-4467","1":"product","2":"type-product","3":"status-publish","4":"has-post-thumbnail","6":"product_cat-fantasia","7":"product_cat-historica","8":"product_tag-penguin-random-house","10":"first","11":"outofstock","12":"shipping-taxable","13":"purchasable","14":"product-type-simple"},"_links":{"self":[{"href":"https:\/\/libreriahistoriasdebolsillo.com\/index.php\/wp-json\/wp\/v2\/product\/4467","targetHints":{"allow":["GET"]}}],"collection":[{"href":"https:\/\/libreriahistoriasdebolsillo.com\/index.php\/wp-json\/wp\/v2\/product"}],"about":[{"href":"https:\/\/libreriahistoriasdebolsillo.com\/index.php\/wp-json\/wp\/v2\/types\/product"}],"wp:featuredmedia":[{"embeddable":true,"href":"https:\/\/libreriahistoriasdebolsillo.com\/index.php\/wp-json\/wp\/v2\/media\/4468"}],"wp:attachment":[{"href":"https:\/\/libreriahistoriasdebolsillo.com\/index.php\/wp-json\/wp\/v2\/media?parent=4467"}],"wp:term":[{"taxonomy":"product_brand","embeddable":true,"href":"https:\/\/libreriahistoriasdebolsillo.com\/index.php\/wp-json\/wp\/v2\/product_brand?post=4467"},{"taxonomy":"product_cat","embeddable":true,"href":"https:\/\/libreriahistoriasdebolsillo.com\/index.php\/wp-json\/wp\/v2\/product_cat?post=4467"},{"taxonomy":"product_tag","embeddable":true,"href":"https:\/\/libreriahistoriasdebolsillo.com\/index.php\/wp-json\/wp\/v2\/product_tag?post=4467"}],"curies":[{"name":"wp","href":"https:\/\/api.w.org\/{rel}","templated":true}]}}