{"id":4469,"date":"2024-04-26T17:56:22","date_gmt":"2024-04-26T23:56:22","guid":{"rendered":"https:\/\/libreriahistoriasdebolsillo.com\/?post_type=product&#038;p=4469"},"modified":"2024-07-01T14:38:42","modified_gmt":"2024-07-01T20:38:42","slug":"forastera-6-viento-y-ceniza","status":"publish","type":"product","link":"https:\/\/libreriahistoriasdebolsillo.com\/index.php\/producto\/forastera-6-viento-y-ceniza\/","title":{"rendered":"Forastera 6. Viento y ceniza"},"content":{"rendered":"<p>El gobernador Martin pide ayuda a Jamie Fraser para\u00a0<b>salvaguardar los intereses del rey y la corona<\/b>. Pero gracias a su esposa, Claire, que puede viajar en el tiempo, Jamie sabe que en tres a\u00f1os la rebeli\u00f3n habr\u00e1 conducido a la independencia, y que \u00e9sta\u00a0<b>condenar\u00e1 a la muerte o al exilio<\/b>\u00a0a los s\u00fabditos del rey Jorge. Por encima de todo, sin embargo, se cierne amenazadora una breve noticia publicada en un peri\u00f3dico de 1776, en la que se da cuenta de un incendio en la casa de Fraser en el que perecen \u00e9ste y su familia. Por una vez, Jamie desea que las predicciones de su mujer sean err\u00f3neas, pero en esta ocasi\u00f3n s\u00f3lo el paso del tiempo le permitir\u00e1 saber qu\u00e9 les\u00a0<b>depara el futuro&#8230;<\/b><\/p>\n","protected":false},"excerpt":{"rendered":"<p>Diana Gabaldon<\/p>\n","protected":false},"featured_media":4470,"template":"","meta":{"_joinchat":[]},"product_brand":[],"product_cat":[39,56],"product_tag":[34],"class_list":{"0":"post-4469","1":"product","2":"type-product","3":"status-publish","4":"has-post-thumbnail","6":"product_cat-fantasia","7":"product_cat-historica","8":"product_tag-penguin-random-house","10":"first","11":"outofstock","12":"shipping-taxable","13":"purchasable","14":"product-type-simple"},"_links":{"self":[{"href":"https:\/\/libreriahistoriasdebolsillo.com\/index.php\/wp-json\/wp\/v2\/product\/4469","targetHints":{"allow":["GET"]}}],"collection":[{"href":"https:\/\/libreriahistoriasdebolsillo.com\/index.php\/wp-json\/wp\/v2\/product"}],"about":[{"href":"https:\/\/libreriahistoriasdebolsillo.com\/index.php\/wp-json\/wp\/v2\/types\/product"}],"wp:featuredmedia":[{"embeddable":true,"href":"https:\/\/libreriahistoriasdebolsillo.com\/index.php\/wp-json\/wp\/v2\/media\/4470"}],"wp:attachment":[{"href":"https:\/\/libreriahistoriasdebolsillo.com\/index.php\/wp-json\/wp\/v2\/media?parent=4469"}],"wp:term":[{"taxonomy":"product_brand","embeddable":true,"href":"https:\/\/libreriahistoriasdebolsillo.com\/index.php\/wp-json\/wp\/v2\/product_brand?post=4469"},{"taxonomy":"product_cat","embeddable":true,"href":"https:\/\/libreriahistoriasdebolsillo.com\/index.php\/wp-json\/wp\/v2\/product_cat?post=4469"},{"taxonomy":"product_tag","embeddable":true,"href":"https:\/\/libreriahistoriasdebolsillo.com\/index.php\/wp-json\/wp\/v2\/product_tag?post=4469"}],"curies":[{"name":"wp","href":"https:\/\/api.w.org\/{rel}","templated":true}]}}