{"id":4471,"date":"2024-04-26T17:57:48","date_gmt":"2024-04-26T23:57:48","guid":{"rendered":"https:\/\/libreriahistoriasdebolsillo.com\/?post_type=product&#038;p=4471"},"modified":"2024-07-01T14:38:37","modified_gmt":"2024-07-01T20:38:37","slug":"forastera-7-ecos-del-pasado","status":"publish","type":"product","link":"https:\/\/libreriahistoriasdebolsillo.com\/index.php\/producto\/forastera-7-ecos-del-pasado\/","title":{"rendered":"Forastera 7. Ecos del pasado"},"content":{"rendered":"<p><b>Jamie Fraser<\/b>, antiguo jacobita y rebelde a su pesar, tiene claras tres cosas sobre la sublevaci\u00f3n de las colonias americanas: que \u00e9sta prosperar\u00e1, que luchar en el lado vencedor no es garant\u00eda de supervivencia, y que\u00a0<b>prefiere la muerte a tener que enfrentarse en el campo de batalla a su hijo ileg\u00edtimo<\/b>, un joven teniente del ej\u00e9rcito brit\u00e1nico.<\/p>\n<p><b>Claire Randall,<\/b>\u00a0por su parte, sabe que los americanos triunfar\u00e1n, pero no a qu\u00e9 precio, y har\u00e1 cuanto est\u00e9 en su mano para\u00a0<b>garantizar la supervivencia y la felicidad de su esposo.<\/b>\u00a0Entretanto, en la relativa seguridad del siglo XX, la hija de Claire y Jamie, Brianna, y su marido, Roger MacKenzie, se han instalado en una casa escocesa con muchos siglos de historia. All\u00ed Brianna encuentra unas cartas que revelan el\u00a0<b>amor de Claire por Jamie y sus viajes en el tiempo&#8230;<\/b><\/p>\n","protected":false},"excerpt":{"rendered":"<p>Diana Gabaldon<\/p>\n","protected":false},"featured_media":4472,"template":"","meta":{"_joinchat":[]},"product_brand":[],"product_cat":[39,56],"product_tag":[34],"class_list":{"0":"post-4471","1":"product","2":"type-product","3":"status-publish","4":"has-post-thumbnail","6":"product_cat-fantasia","7":"product_cat-historica","8":"product_tag-penguin-random-house","10":"first","11":"outofstock","12":"shipping-taxable","13":"purchasable","14":"product-type-simple"},"_links":{"self":[{"href":"https:\/\/libreriahistoriasdebolsillo.com\/index.php\/wp-json\/wp\/v2\/product\/4471","targetHints":{"allow":["GET"]}}],"collection":[{"href":"https:\/\/libreriahistoriasdebolsillo.com\/index.php\/wp-json\/wp\/v2\/product"}],"about":[{"href":"https:\/\/libreriahistoriasdebolsillo.com\/index.php\/wp-json\/wp\/v2\/types\/product"}],"wp:featuredmedia":[{"embeddable":true,"href":"https:\/\/libreriahistoriasdebolsillo.com\/index.php\/wp-json\/wp\/v2\/media\/4472"}],"wp:attachment":[{"href":"https:\/\/libreriahistoriasdebolsillo.com\/index.php\/wp-json\/wp\/v2\/media?parent=4471"}],"wp:term":[{"taxonomy":"product_brand","embeddable":true,"href":"https:\/\/libreriahistoriasdebolsillo.com\/index.php\/wp-json\/wp\/v2\/product_brand?post=4471"},{"taxonomy":"product_cat","embeddable":true,"href":"https:\/\/libreriahistoriasdebolsillo.com\/index.php\/wp-json\/wp\/v2\/product_cat?post=4471"},{"taxonomy":"product_tag","embeddable":true,"href":"https:\/\/libreriahistoriasdebolsillo.com\/index.php\/wp-json\/wp\/v2\/product_tag?post=4471"}],"curies":[{"name":"wp","href":"https:\/\/api.w.org\/{rel}","templated":true}]}}