{"id":4473,"date":"2024-04-26T18:02:32","date_gmt":"2024-04-27T00:02:32","guid":{"rendered":"https:\/\/libreriahistoriasdebolsillo.com\/?post_type=product&#038;p=4473"},"modified":"2025-06-19T14:41:57","modified_gmt":"2025-06-19T20:41:57","slug":"los-hijos-de-anansi","status":"publish","type":"product","link":"https:\/\/libreriahistoriasdebolsillo.com\/index.php\/producto\/los-hijos-de-anansi\/","title":{"rendered":"Los hijos de Anansi"},"content":{"rendered":"<p>El padre del Gordo Charlie, y autor de semejante apodo, ha muerto. Charlie viaja a Florida para asistir al entierro y all\u00ed descubre que tiene un hermano que es tan diferente de \u00e9l como la noche del d\u00eda; un hermano que s\u00f3lo quiere ense\u00f1arle a relajarse y divertirse un poco, tal como el viejo.<\/p>\n<p>Y lo que pasa es que el padre de Charlie no era cualquier persona: en realidad era Anansi, el dios africano de las bromas, el dios ara\u00f1a. De repente, la aburrida vida de Charlie dar\u00e1 un vuelco y empezar\u00e1 a ser interesante.<\/p>\n","protected":false},"excerpt":{"rendered":"<p>Neil Gaiman<\/p>\n","protected":false},"featured_media":4474,"template":"","meta":{"_joinchat":[]},"product_brand":[],"product_cat":[79,39,51],"product_tag":[34],"class_list":{"0":"post-4473","1":"product","2":"type-product","3":"status-publish","4":"has-post-thumbnail","6":"product_cat-campana-punto-naranja","7":"product_cat-fantasia","8":"product_cat-oferta","9":"product_tag-penguin-random-house","11":"first","12":"outofstock","13":"sale","14":"shipping-taxable","15":"purchasable","16":"product-type-simple"},"_links":{"self":[{"href":"https:\/\/libreriahistoriasdebolsillo.com\/index.php\/wp-json\/wp\/v2\/product\/4473","targetHints":{"allow":["GET"]}}],"collection":[{"href":"https:\/\/libreriahistoriasdebolsillo.com\/index.php\/wp-json\/wp\/v2\/product"}],"about":[{"href":"https:\/\/libreriahistoriasdebolsillo.com\/index.php\/wp-json\/wp\/v2\/types\/product"}],"wp:featuredmedia":[{"embeddable":true,"href":"https:\/\/libreriahistoriasdebolsillo.com\/index.php\/wp-json\/wp\/v2\/media\/4474"}],"wp:attachment":[{"href":"https:\/\/libreriahistoriasdebolsillo.com\/index.php\/wp-json\/wp\/v2\/media?parent=4473"}],"wp:term":[{"taxonomy":"product_brand","embeddable":true,"href":"https:\/\/libreriahistoriasdebolsillo.com\/index.php\/wp-json\/wp\/v2\/product_brand?post=4473"},{"taxonomy":"product_cat","embeddable":true,"href":"https:\/\/libreriahistoriasdebolsillo.com\/index.php\/wp-json\/wp\/v2\/product_cat?post=4473"},{"taxonomy":"product_tag","embeddable":true,"href":"https:\/\/libreriahistoriasdebolsillo.com\/index.php\/wp-json\/wp\/v2\/product_tag?post=4473"}],"curies":[{"name":"wp","href":"https:\/\/api.w.org\/{rel}","templated":true}]}}