{"id":4475,"date":"2024-04-26T18:04:39","date_gmt":"2024-04-27T00:04:39","guid":{"rendered":"https:\/\/libreriahistoriasdebolsillo.com\/?post_type=product&#038;p=4475"},"modified":"2024-07-01T14:39:20","modified_gmt":"2024-07-01T20:39:20","slug":"objetos-fragiles","status":"publish","type":"product","link":"https:\/\/libreriahistoriasdebolsillo.com\/index.php\/producto\/objetos-fragiles\/","title":{"rendered":"Objetos fr\u00e1giles"},"content":{"rendered":"<p>Cuentos y relatos breves en los que Gaiman nos regala un nuevo punto de vista sobre el mundo.<\/p>\n<p>Los meses, convertiros en personajes que hablan y se relacionan, intercambian opiniones en su reuni\u00f3n anual; un hombre medio devorado nos habla de c\u00f3mo se hizo amigo de su querido can\u00edbal; incluso Sherezade, la mayor contadora de historias de todos los tiempos, recibe un homenaje. Un misterioso circo que aterroriza al p\u00fablico con su asombrosa actuaci\u00f3n antes de desaparecer en mitad de la noche y llevarse a una espectadora con ellos; en una Inglaterra victoriana un tanto extra\u00f1a, Sherlock Holmes y su inseparable ayudante debenresolver el asesinato de un miembro de la familia real; los miembros de un exclusivo club epic\u00fareo, hastiados ya de haber probado todo lo imaginable, se van a Egipto para degustar el m\u00edtico p\u00e1jaro del Sol, sin imaginar siquiera las consecuencias que traer\u00e1 tama\u00f1o atrevimiento&#8230;<\/p>\n","protected":false},"excerpt":{"rendered":"<p>Neil Gaiman<\/p>\n","protected":false},"featured_media":4476,"template":"","meta":{"_joinchat":[]},"product_brand":[],"product_cat":[39],"product_tag":[34],"class_list":{"0":"post-4475","1":"product","2":"type-product","3":"status-publish","4":"has-post-thumbnail","6":"product_cat-fantasia","7":"product_tag-penguin-random-house","9":"first","10":"outofstock","11":"shipping-taxable","12":"purchasable","13":"product-type-simple"},"_links":{"self":[{"href":"https:\/\/libreriahistoriasdebolsillo.com\/index.php\/wp-json\/wp\/v2\/product\/4475","targetHints":{"allow":["GET"]}}],"collection":[{"href":"https:\/\/libreriahistoriasdebolsillo.com\/index.php\/wp-json\/wp\/v2\/product"}],"about":[{"href":"https:\/\/libreriahistoriasdebolsillo.com\/index.php\/wp-json\/wp\/v2\/types\/product"}],"wp:featuredmedia":[{"embeddable":true,"href":"https:\/\/libreriahistoriasdebolsillo.com\/index.php\/wp-json\/wp\/v2\/media\/4476"}],"wp:attachment":[{"href":"https:\/\/libreriahistoriasdebolsillo.com\/index.php\/wp-json\/wp\/v2\/media?parent=4475"}],"wp:term":[{"taxonomy":"product_brand","embeddable":true,"href":"https:\/\/libreriahistoriasdebolsillo.com\/index.php\/wp-json\/wp\/v2\/product_brand?post=4475"},{"taxonomy":"product_cat","embeddable":true,"href":"https:\/\/libreriahistoriasdebolsillo.com\/index.php\/wp-json\/wp\/v2\/product_cat?post=4475"},{"taxonomy":"product_tag","embeddable":true,"href":"https:\/\/libreriahistoriasdebolsillo.com\/index.php\/wp-json\/wp\/v2\/product_tag?post=4475"}],"curies":[{"name":"wp","href":"https:\/\/api.w.org\/{rel}","templated":true}]}}