{"id":4477,"date":"2024-04-26T18:06:13","date_gmt":"2024-04-27T00:06:13","guid":{"rendered":"https:\/\/libreriahistoriasdebolsillo.com\/?post_type=product&#038;p=4477"},"modified":"2024-07-01T14:39:24","modified_gmt":"2024-07-01T20:39:24","slug":"stardust","status":"publish","type":"product","link":"https:\/\/libreriahistoriasdebolsillo.com\/index.php\/producto\/stardust\/","title":{"rendered":"Stardust"},"content":{"rendered":"<p>El joven Tristran Thorn est\u00e1 dispuesto a hacer cualquier cosa para conquistar el fr\u00edo coraz\u00f3n de su amada Victoria, incluso a prometerle que le conseguir\u00e1 la estrella que ambos ven caer una noche. Para cumplir su palabra, Tristran deber\u00e1 cruzar el muro que separa su pueblo del Pa\u00eds de las Hadas, un vasto territorio donde nada se parece a lo que \u00e9l ha conocido, donde ni siquiera las estrellas tienen forma de estrella y donde los duendes y los espectros campan a sus anchas. En ese m\u00e1gico lugar, el joven no s\u00f3lo har\u00e1 cambiar su futuro, sino que tambi\u00e9n descubrir\u00e1 cosas de su pasado que no pod\u00eda imaginar. Con la ayuda de un unicornio, un barco pirata que surca el cielo, un \u00e1rbol muy sabio y una florecita de cristal&#8230; \u00bfconseguir\u00e1 Tristran el amor de su dama?<\/p>\n<p>\u00abUn original cuento de hadas sobre la aventura de un joven en pos de los deseos de su coraz\u00f3n, contada con una prosa clara y envolvente.\u00bb<\/p>\n<p><i>The Guardian<\/i><\/p>\n<p>\u00abCon una prosa bailarina y maravillosa, Gaiman describe lo indescriptible: los colores misteriosos, los olores fascinantes y las peligrosas risas de las hadas.\u00bb<\/p>\n<p><b>Susanna Clarke<\/b><\/p>\n","protected":false},"excerpt":{"rendered":"<p>Neil Gaiman<\/p>\n","protected":false},"featured_media":4478,"template":"","meta":{"_joinchat":[]},"product_brand":[],"product_cat":[39],"product_tag":[34],"class_list":{"0":"post-4477","1":"product","2":"type-product","3":"status-publish","4":"has-post-thumbnail","6":"product_cat-fantasia","7":"product_tag-penguin-random-house","9":"first","10":"outofstock","11":"shipping-taxable","12":"purchasable","13":"product-type-simple"},"_links":{"self":[{"href":"https:\/\/libreriahistoriasdebolsillo.com\/index.php\/wp-json\/wp\/v2\/product\/4477","targetHints":{"allow":["GET"]}}],"collection":[{"href":"https:\/\/libreriahistoriasdebolsillo.com\/index.php\/wp-json\/wp\/v2\/product"}],"about":[{"href":"https:\/\/libreriahistoriasdebolsillo.com\/index.php\/wp-json\/wp\/v2\/types\/product"}],"wp:featuredmedia":[{"embeddable":true,"href":"https:\/\/libreriahistoriasdebolsillo.com\/index.php\/wp-json\/wp\/v2\/media\/4478"}],"wp:attachment":[{"href":"https:\/\/libreriahistoriasdebolsillo.com\/index.php\/wp-json\/wp\/v2\/media?parent=4477"}],"wp:term":[{"taxonomy":"product_brand","embeddable":true,"href":"https:\/\/libreriahistoriasdebolsillo.com\/index.php\/wp-json\/wp\/v2\/product_brand?post=4477"},{"taxonomy":"product_cat","embeddable":true,"href":"https:\/\/libreriahistoriasdebolsillo.com\/index.php\/wp-json\/wp\/v2\/product_cat?post=4477"},{"taxonomy":"product_tag","embeddable":true,"href":"https:\/\/libreriahistoriasdebolsillo.com\/index.php\/wp-json\/wp\/v2\/product_tag?post=4477"}],"curies":[{"name":"wp","href":"https:\/\/api.w.org\/{rel}","templated":true}]}}