{"id":4482,"date":"2024-04-27T09:23:31","date_gmt":"2024-04-27T15:23:31","guid":{"rendered":"https:\/\/libreriahistoriasdebolsillo.com\/?post_type=product&#038;p=4482"},"modified":"2024-07-01T14:39:43","modified_gmt":"2024-07-01T20:39:43","slug":"cuentos-completos-de-elena-garro-2","status":"publish","type":"product","link":"https:\/\/libreriahistoriasdebolsillo.com\/index.php\/producto\/cuentos-completos-de-elena-garro-2\/","title":{"rendered":"Cuentos completos de Elena Garro"},"content":{"rendered":"<p>En las p\u00e1ginas de Garro -apunta Geney Beltr\u00e1n F\u00e9lix en su pr\u00f3logo- , una<b>\u00a0inquieta, sorprendente imaginaci\u00f3n<\/b>\u00a0y un\u00a0<b>manejo d\u00factil y expresivo del lenguaje<\/b>, siempre tocado por las virtudes de la poes\u00eda y el juego, conviven con una singular concepci\u00f3n del tiempo y una postura cr\u00edtica ante la Historia y la realidad, en la que resalta el tes\u00f3n para hurgar en el devenir de personajes\u00a0<b>marginados o vulnerables<\/b>\u00a0ante el poder: mujeres, ni\u00f1os, ind\u00edgenas, ancianos.<\/p>\n<p>En\u00a0<i>Cuentos completos<\/i>\u00a0se re\u00fanen los vol\u00famenes\u00a0<i>La semana de colores\u00a0<\/i>(1964),<i>\u00a0Andamos huyendo Lola<\/i>\u00a0(1980),\u00a0<i>El accidente y otros cuentos in\u00e9ditos<\/i>\u00a0(1997) y\u00a0<i>La vida empieza a las tres\u00a0<\/i>(1997), as\u00ed como los cuentos in\u00e9ditos \u00abAmor y paz\u00bb y \u00abLago Mayor\u00bb.<\/p>\n","protected":false},"excerpt":{"rendered":"<p>Elena Garro<\/p>\n","protected":false},"featured_media":4483,"template":"","meta":{"_joinchat":[]},"product_brand":[],"product_cat":[78],"product_tag":[34],"class_list":{"0":"post-4482","1":"product","2":"type-product","3":"status-publish","4":"has-post-thumbnail","6":"product_cat-contemporanea","7":"product_tag-penguin-random-house","9":"first","10":"outofstock","11":"shipping-taxable","12":"purchasable","13":"product-type-simple"},"_links":{"self":[{"href":"https:\/\/libreriahistoriasdebolsillo.com\/index.php\/wp-json\/wp\/v2\/product\/4482","targetHints":{"allow":["GET"]}}],"collection":[{"href":"https:\/\/libreriahistoriasdebolsillo.com\/index.php\/wp-json\/wp\/v2\/product"}],"about":[{"href":"https:\/\/libreriahistoriasdebolsillo.com\/index.php\/wp-json\/wp\/v2\/types\/product"}],"wp:featuredmedia":[{"embeddable":true,"href":"https:\/\/libreriahistoriasdebolsillo.com\/index.php\/wp-json\/wp\/v2\/media\/4483"}],"wp:attachment":[{"href":"https:\/\/libreriahistoriasdebolsillo.com\/index.php\/wp-json\/wp\/v2\/media?parent=4482"}],"wp:term":[{"taxonomy":"product_brand","embeddable":true,"href":"https:\/\/libreriahistoriasdebolsillo.com\/index.php\/wp-json\/wp\/v2\/product_brand?post=4482"},{"taxonomy":"product_cat","embeddable":true,"href":"https:\/\/libreriahistoriasdebolsillo.com\/index.php\/wp-json\/wp\/v2\/product_cat?post=4482"},{"taxonomy":"product_tag","embeddable":true,"href":"https:\/\/libreriahistoriasdebolsillo.com\/index.php\/wp-json\/wp\/v2\/product_tag?post=4482"}],"curies":[{"name":"wp","href":"https:\/\/api.w.org\/{rel}","templated":true}]}}