{"id":4484,"date":"2024-04-27T09:26:35","date_gmt":"2024-04-27T15:26:35","guid":{"rendered":"https:\/\/libreriahistoriasdebolsillo.com\/?post_type=product&#038;p=4484"},"modified":"2024-07-01T14:40:01","modified_gmt":"2024-07-01T20:40:01","slug":"el-punto-ciego-tapa-dura","status":"publish","type":"product","link":"https:\/\/libreriahistoriasdebolsillo.com\/index.php\/producto\/el-punto-ciego-tapa-dura\/","title":{"rendered":"El punto ciego (Tapa dura)"},"content":{"rendered":"<p><b>El autor del bestseller de The New York Times,\u00a0<i>Inteligencia emocional<\/i>, presenta en\u00a0<i>El punto ciego<\/i>\u00a0un penetrante an\u00e1lisis de las diversas formas de autoenga\u00f1o para protegernos de la ansiedad, el fracaso y el dolor.<\/b><\/p>\n<p>Para\u00a0<b>Daniel Goleman<\/b>\u00a0el autoenga\u00f1o es un mecanismo psicol\u00f3gico de defensa contra los dolorosos embates del mundo exterior. El cerebro humano es capaz de filtrar selectivamente la informaci\u00f3n que recibe, y de esa manera disminuye la conciencia de la memoria y las percepciones negativas. Este mecanismo crea un punto ciego que bloquea la atenci\u00f3n y disminuye el impacto de las decepciones. Pero aunque el autoenga\u00f1o es en la mayor\u00eda de las ocasiones beneficioso para la estabilidad ps\u00edquica y emocional ya que su funci\u00f3n es precisamente preservarla, a veces puede ser peligroso y perjudicial, tanto a nivel individual como social.<\/p>\n","protected":false},"excerpt":{"rendered":"<p>Daniel Goleman<\/p>\n","protected":false},"featured_media":4485,"template":"","meta":{"_joinchat":[]},"product_brand":[],"product_cat":[58,41],"product_tag":[34],"class_list":{"0":"post-4484","1":"product","2":"type-product","3":"status-publish","4":"has-post-thumbnail","6":"product_cat-desarrollo-humano-y-superacion","7":"product_cat-desarrollo-humano","8":"product_tag-penguin-random-house","10":"first","11":"outofstock","12":"shipping-taxable","13":"purchasable","14":"product-type-simple"},"_links":{"self":[{"href":"https:\/\/libreriahistoriasdebolsillo.com\/index.php\/wp-json\/wp\/v2\/product\/4484","targetHints":{"allow":["GET"]}}],"collection":[{"href":"https:\/\/libreriahistoriasdebolsillo.com\/index.php\/wp-json\/wp\/v2\/product"}],"about":[{"href":"https:\/\/libreriahistoriasdebolsillo.com\/index.php\/wp-json\/wp\/v2\/types\/product"}],"wp:featuredmedia":[{"embeddable":true,"href":"https:\/\/libreriahistoriasdebolsillo.com\/index.php\/wp-json\/wp\/v2\/media\/4485"}],"wp:attachment":[{"href":"https:\/\/libreriahistoriasdebolsillo.com\/index.php\/wp-json\/wp\/v2\/media?parent=4484"}],"wp:term":[{"taxonomy":"product_brand","embeddable":true,"href":"https:\/\/libreriahistoriasdebolsillo.com\/index.php\/wp-json\/wp\/v2\/product_brand?post=4484"},{"taxonomy":"product_cat","embeddable":true,"href":"https:\/\/libreriahistoriasdebolsillo.com\/index.php\/wp-json\/wp\/v2\/product_cat?post=4484"},{"taxonomy":"product_tag","embeddable":true,"href":"https:\/\/libreriahistoriasdebolsillo.com\/index.php\/wp-json\/wp\/v2\/product_tag?post=4484"}],"curies":[{"name":"wp","href":"https:\/\/api.w.org\/{rel}","templated":true}]}}