{"id":4488,"date":"2024-04-27T09:32:25","date_gmt":"2024-04-27T15:32:25","guid":{"rendered":"https:\/\/libreriahistoriasdebolsillo.com\/?post_type=product&#038;p=4488"},"modified":"2024-07-01T14:40:18","modified_gmt":"2024-07-01T20:40:18","slug":"trilogia-de-danzig-1-el-tambor-de-hojalata","status":"publish","type":"product","link":"https:\/\/libreriahistoriasdebolsillo.com\/index.php\/producto\/trilogia-de-danzig-1-el-tambor-de-hojalata\/","title":{"rendered":"Trilog\u00eda de Danzig 1. El tambor de hojalata"},"content":{"rendered":"<p><b>Una obra cumbre de la literatura contempor\u00e1nea, la novela emblem\u00e1tica del Premio Nobel G\u00fcnter Grass.<\/b><\/p>\n<p>Oskar Matzerath, uno de los personajes literarios m\u00e1s entra\u00f1ables de nuestro tiempo, es un ni\u00f1o que se resiste a crecer porque la sociedad peque\u00f1oburguesa del nazismo no le gusta.<\/p>\n<p>El d\u00eda de su tercer cumplea\u00f1os es una fecha determinante en su vida. No s\u00f3lo es el d\u00eda en que toma la decisi\u00f3n de dejar de crecer, sino que recibe su primer tambor de hojalata, objeto que se convertir\u00e1 en su compa\u00f1ero inseparable para el resto de sus d\u00edas.<\/p>\n<p>La cr\u00edtica mordaz, la iron\u00eda despiadada, el espectacular sentido del humor y la libertad creadora con que G\u00fcnter Grass construye esta novela la convierten en una de las grandes obras de la historia de la literatura. Publicada en 1959, cosech\u00f3 un \u00e9xito inmediato e inaugur\u00f3 la nueva literatura alemana. Medio siglo despu\u00e9s, la fascinaci\u00f3n que despierta no ha terminado. Oskar Matzerath sigue redoblando y su redoble contin\u00faa estremeciendo.<\/p>\n<p><b>Otros autores han opinado:<\/b><\/p>\n<p>\u00abLa novela alemana m\u00e1s aut\u00e9ntica y poderosamente creadora.\u00bb &#8211; Mario Benedetti<\/p>\n","protected":false},"excerpt":{"rendered":"<p>Gunter Grass<\/p>\n","protected":false},"featured_media":4489,"template":"","meta":{"_joinchat":[]},"product_brand":[],"product_cat":[78],"product_tag":[34],"class_list":{"0":"post-4488","1":"product","2":"type-product","3":"status-publish","4":"has-post-thumbnail","6":"product_cat-contemporanea","7":"product_tag-penguin-random-house","9":"first","10":"outofstock","11":"shipping-taxable","12":"purchasable","13":"product-type-simple"},"_links":{"self":[{"href":"https:\/\/libreriahistoriasdebolsillo.com\/index.php\/wp-json\/wp\/v2\/product\/4488","targetHints":{"allow":["GET"]}}],"collection":[{"href":"https:\/\/libreriahistoriasdebolsillo.com\/index.php\/wp-json\/wp\/v2\/product"}],"about":[{"href":"https:\/\/libreriahistoriasdebolsillo.com\/index.php\/wp-json\/wp\/v2\/types\/product"}],"wp:featuredmedia":[{"embeddable":true,"href":"https:\/\/libreriahistoriasdebolsillo.com\/index.php\/wp-json\/wp\/v2\/media\/4489"}],"wp:attachment":[{"href":"https:\/\/libreriahistoriasdebolsillo.com\/index.php\/wp-json\/wp\/v2\/media?parent=4488"}],"wp:term":[{"taxonomy":"product_brand","embeddable":true,"href":"https:\/\/libreriahistoriasdebolsillo.com\/index.php\/wp-json\/wp\/v2\/product_brand?post=4488"},{"taxonomy":"product_cat","embeddable":true,"href":"https:\/\/libreriahistoriasdebolsillo.com\/index.php\/wp-json\/wp\/v2\/product_cat?post=4488"},{"taxonomy":"product_tag","embeddable":true,"href":"https:\/\/libreriahistoriasdebolsillo.com\/index.php\/wp-json\/wp\/v2\/product_tag?post=4488"}],"curies":[{"name":"wp","href":"https:\/\/api.w.org\/{rel}","templated":true}]}}