{"id":4491,"date":"2024-04-27T09:35:09","date_gmt":"2024-04-27T15:35:09","guid":{"rendered":"https:\/\/libreriahistoriasdebolsillo.com\/?post_type=product&#038;p=4491"},"modified":"2024-07-01T14:40:28","modified_gmt":"2024-07-01T20:40:28","slug":"mil-veces-hasta-siempre","status":"publish","type":"product","link":"https:\/\/libreriahistoriasdebolsillo.com\/index.php\/producto\/mil-veces-hasta-siempre\/","title":{"rendered":"Mil veces hasta siempre"},"content":{"rendered":"<p><b>Aza<\/b>\u00a0nunca tuvo intenci\u00f3n de investigar el misterio del\u00a0<b>multimillonario fugitivo\u00a0<\/b>Russell Pickett. Pero hay una\u00a0<b>recompensa\u00a0<\/b>de cien mil d\u00f3lares en juego y su mejor y m\u00e1s intr\u00e9pida amiga, Daisy, no est\u00e1 dispuesta a dejarla escapar. As\u00ed, juntas, recorrer\u00e1n la corta distancia y las enormes diferencias que les separan del hijo de Russell Pickett, Davis.<\/p>\n<p>Aza lo est\u00e1 intentando. Trata de ser una\u00a0<b>buena hija,<\/b>\u00a0una buena amiga, una buena estudiante y, tal vez, incluso una buena\u00a0<b>detective<\/b>, mientras vive en la espiral cada vez m\u00e1s\u00a0<b>estrecha\u00a0<\/b>de sus propios pensamientos.<\/p>\n","protected":false},"excerpt":{"rendered":"<p>John Green<\/p>\n","protected":false},"featured_media":4492,"template":"","meta":{"_joinchat":[]},"product_brand":[],"product_cat":[52],"product_tag":[34],"class_list":{"0":"post-4491","1":"product","2":"type-product","3":"status-publish","4":"has-post-thumbnail","6":"product_cat-juvenil","7":"product_tag-penguin-random-house","9":"first","10":"outofstock","11":"shipping-taxable","12":"purchasable","13":"product-type-simple"},"_links":{"self":[{"href":"https:\/\/libreriahistoriasdebolsillo.com\/index.php\/wp-json\/wp\/v2\/product\/4491","targetHints":{"allow":["GET"]}}],"collection":[{"href":"https:\/\/libreriahistoriasdebolsillo.com\/index.php\/wp-json\/wp\/v2\/product"}],"about":[{"href":"https:\/\/libreriahistoriasdebolsillo.com\/index.php\/wp-json\/wp\/v2\/types\/product"}],"wp:featuredmedia":[{"embeddable":true,"href":"https:\/\/libreriahistoriasdebolsillo.com\/index.php\/wp-json\/wp\/v2\/media\/4492"}],"wp:attachment":[{"href":"https:\/\/libreriahistoriasdebolsillo.com\/index.php\/wp-json\/wp\/v2\/media?parent=4491"}],"wp:term":[{"taxonomy":"product_brand","embeddable":true,"href":"https:\/\/libreriahistoriasdebolsillo.com\/index.php\/wp-json\/wp\/v2\/product_brand?post=4491"},{"taxonomy":"product_cat","embeddable":true,"href":"https:\/\/libreriahistoriasdebolsillo.com\/index.php\/wp-json\/wp\/v2\/product_cat?post=4491"},{"taxonomy":"product_tag","embeddable":true,"href":"https:\/\/libreriahistoriasdebolsillo.com\/index.php\/wp-json\/wp\/v2\/product_tag?post=4491"}],"curies":[{"name":"wp","href":"https:\/\/api.w.org\/{rel}","templated":true}]}}