{"id":4495,"date":"2024-04-27T09:41:14","date_gmt":"2024-04-27T15:41:14","guid":{"rendered":"https:\/\/libreriahistoriasdebolsillo.com\/?post_type=product&#038;p=4495"},"modified":"2024-07-01T14:58:39","modified_gmt":"2024-07-01T20:58:39","slug":"jardin-de-invierno","status":"publish","type":"product","link":"https:\/\/libreriahistoriasdebolsillo.com\/index.php\/producto\/jardin-de-invierno\/","title":{"rendered":"Jard\u00edn de invierno"},"content":{"rendered":"<p><b>URSS, 1941<\/b>. Leningrado es una ciudad sitiada, aislada de toda posibilidad de ayuda por la guerra y la nieve que entierra los edificios con su blancura. Pero en Leningrado tambi\u00e9n hay mujeres sumidas en la desesperaci\u00f3n, capaces de cualquier cosa para salvar a sus hijos y a s\u00ed mismas de un final tr\u00e1gico.<\/p>\n<p><b>Estados Unidos, 2000<\/b>. La p\u00e9rdida y los a\u00f1os han causado estragos en Anya Whitson. Finalmente ha conseguido contactar con sus hijas, Nina y Meredith. Y con una voz vacilante e insegura, empieza a entretejer la historia de una bella y joven rusa que vivi\u00f3 en Leningrado hace mucho tiempo&#8230;<\/p>\n<p>En una cruzada en busca de la verdad oculta tras la historia, las dos hermanas se enfrentar\u00e1n a un secreto que har\u00e1 tambalear los cimientos de su familia y cambiar\u00e1 para siempre la imagen de qui\u00e9nes cre\u00edan ser.<\/p>\n","protected":false},"excerpt":{"rendered":"<p>Kristin Hannah<\/p>\n","protected":false},"featured_media":4496,"template":"","meta":{"_joinchat":[]},"product_brand":[],"product_cat":[33,56],"product_tag":[34],"class_list":{"0":"post-4495","1":"product","2":"type-product","3":"status-publish","4":"has-post-thumbnail","6":"product_cat-ficcion-general","7":"product_cat-historica","8":"product_tag-penguin-random-house","10":"first","11":"outofstock","12":"shipping-taxable","13":"purchasable","14":"product-type-simple"},"_links":{"self":[{"href":"https:\/\/libreriahistoriasdebolsillo.com\/index.php\/wp-json\/wp\/v2\/product\/4495","targetHints":{"allow":["GET"]}}],"collection":[{"href":"https:\/\/libreriahistoriasdebolsillo.com\/index.php\/wp-json\/wp\/v2\/product"}],"about":[{"href":"https:\/\/libreriahistoriasdebolsillo.com\/index.php\/wp-json\/wp\/v2\/types\/product"}],"wp:featuredmedia":[{"embeddable":true,"href":"https:\/\/libreriahistoriasdebolsillo.com\/index.php\/wp-json\/wp\/v2\/media\/4496"}],"wp:attachment":[{"href":"https:\/\/libreriahistoriasdebolsillo.com\/index.php\/wp-json\/wp\/v2\/media?parent=4495"}],"wp:term":[{"taxonomy":"product_brand","embeddable":true,"href":"https:\/\/libreriahistoriasdebolsillo.com\/index.php\/wp-json\/wp\/v2\/product_brand?post=4495"},{"taxonomy":"product_cat","embeddable":true,"href":"https:\/\/libreriahistoriasdebolsillo.com\/index.php\/wp-json\/wp\/v2\/product_cat?post=4495"},{"taxonomy":"product_tag","embeddable":true,"href":"https:\/\/libreriahistoriasdebolsillo.com\/index.php\/wp-json\/wp\/v2\/product_tag?post=4495"}],"curies":[{"name":"wp","href":"https:\/\/api.w.org\/{rel}","templated":true}]}}