{"id":4501,"date":"2024-04-27T09:49:15","date_gmt":"2024-04-27T15:49:15","guid":{"rendered":"https:\/\/libreriahistoriasdebolsillo.com\/?post_type=product&#038;p=4501"},"modified":"2026-02-05T15:09:29","modified_gmt":"2026-02-05T21:09:29","slug":"hannibal-lecter-3-hannibal","status":"publish","type":"product","link":"https:\/\/libreriahistoriasdebolsillo.com\/index.php\/producto\/hannibal-lecter-3-hannibal\/","title":{"rendered":"Hannibal Lecter 3. Hannibal"},"content":{"rendered":"<p><b>Siete a\u00f1os\u00a0<\/b>han pasado desde que Clarice Starling, agente especial del FBI, se entrevistara con el doctor Hannibal Lecter en un hospital de m\u00e1xima seguridad. Y siete a\u00f1os desde que Hannibal el Cann\u00edbal burlara la vigilancia y desapareciera dejando una<b>\u00a0sangrienta estela de v\u00edctimas.<\/b><\/p>\n<p>Sin embargo, cuando Clarice cae en desgracia en el FBI, el doctor Lecter sale a la luz para ponerse en contacto con ella. As\u00ed se reanuda la\u00a0<b>persecuci\u00f3n\u00a0<\/b>de la codiciada presa, y Clarice, que no ha olvidado su encuentro con la brillante y perversa mente del doctor, es encargada del caso.<\/p>\n<p>&nbsp;<\/p>\n<p>\u00abUna de las novelas m\u00e1s aterradoras de nuestro tiempo.\u00bb<\/p>\n<p><b>Stephen King<\/b><\/p>\n","protected":false},"excerpt":{"rendered":"<p>Thomas Harris<\/p>\n","protected":false},"featured_media":4502,"template":"","meta":{"_joinchat":[]},"product_brand":[],"product_cat":[37],"product_tag":[34],"class_list":{"0":"post-4501","1":"product","2":"type-product","3":"status-publish","4":"has-post-thumbnail","6":"product_cat-misterio-y-thriller","7":"product_tag-penguin-random-house","9":"first","10":"outofstock","11":"shipping-taxable","12":"purchasable","13":"product-type-simple"},"_links":{"self":[{"href":"https:\/\/libreriahistoriasdebolsillo.com\/index.php\/wp-json\/wp\/v2\/product\/4501","targetHints":{"allow":["GET"]}}],"collection":[{"href":"https:\/\/libreriahistoriasdebolsillo.com\/index.php\/wp-json\/wp\/v2\/product"}],"about":[{"href":"https:\/\/libreriahistoriasdebolsillo.com\/index.php\/wp-json\/wp\/v2\/types\/product"}],"wp:featuredmedia":[{"embeddable":true,"href":"https:\/\/libreriahistoriasdebolsillo.com\/index.php\/wp-json\/wp\/v2\/media\/4502"}],"wp:attachment":[{"href":"https:\/\/libreriahistoriasdebolsillo.com\/index.php\/wp-json\/wp\/v2\/media?parent=4501"}],"wp:term":[{"taxonomy":"product_brand","embeddable":true,"href":"https:\/\/libreriahistoriasdebolsillo.com\/index.php\/wp-json\/wp\/v2\/product_brand?post=4501"},{"taxonomy":"product_cat","embeddable":true,"href":"https:\/\/libreriahistoriasdebolsillo.com\/index.php\/wp-json\/wp\/v2\/product_cat?post=4501"},{"taxonomy":"product_tag","embeddable":true,"href":"https:\/\/libreriahistoriasdebolsillo.com\/index.php\/wp-json\/wp\/v2\/product_tag?post=4501"}],"curies":[{"name":"wp","href":"https:\/\/api.w.org\/{rel}","templated":true}]}}