{"id":4503,"date":"2024-04-27T09:51:49","date_gmt":"2024-04-27T15:51:49","guid":{"rendered":"https:\/\/libreriahistoriasdebolsillo.com\/?post_type=product&#038;p=4503"},"modified":"2026-04-16T10:09:41","modified_gmt":"2026-04-16T16:09:41","slug":"la-teoria-del-todo","status":"publish","type":"product","link":"https:\/\/libreriahistoriasdebolsillo.com\/index.php\/producto\/la-teoria-del-todo\/","title":{"rendered":"La teor\u00eda del todo"},"content":{"rendered":"<p>En esta esclarecedora obra, el gran f\u00edsico brit\u00e1nico Stephen Hawking nos ofrece una historia del universo, del big bang a los Agujeros negros.<\/p>\n<p>En siete pasos, Hawking logra explicar la historia del universo, desde las primeras teor\u00edas del mundo griego y de la \u00e9poca medieval hasta las m\u00e1s complejas teor\u00edas actuales, siempre con su caracter\u00edstico tono did\u00e1ctico y accesible a todos los p\u00fablicos. Newton, Einstein, la mec\u00e1nica cu\u00e1ntica, los agujeros negros y la teor\u00eda de la gran unificaci\u00f3n desfilan por estas p\u00e1ginas acercando al lector los misterios del universo.<\/p>\n<p>\u00abUn libro exquisito. En definitiva, aut\u00e9ntica poes\u00eda del infinito.\u00bb<\/p>\n<p><i>Leer<\/i><\/p>\n","protected":false},"excerpt":{"rendered":"<p>Stephen W. Hawking<\/p>\n","protected":false},"featured_media":4504,"template":"","meta":{"_joinchat":[]},"product_brand":[],"product_cat":[60,41],"product_tag":[34],"class_list":{"0":"post-4503","1":"product","2":"type-product","3":"status-publish","4":"has-post-thumbnail","6":"product_cat-ciencia","7":"product_cat-desarrollo-humano","8":"product_tag-penguin-random-house","10":"first","11":"instock","12":"shipping-taxable","13":"purchasable","14":"product-type-simple"},"_links":{"self":[{"href":"https:\/\/libreriahistoriasdebolsillo.com\/index.php\/wp-json\/wp\/v2\/product\/4503","targetHints":{"allow":["GET"]}}],"collection":[{"href":"https:\/\/libreriahistoriasdebolsillo.com\/index.php\/wp-json\/wp\/v2\/product"}],"about":[{"href":"https:\/\/libreriahistoriasdebolsillo.com\/index.php\/wp-json\/wp\/v2\/types\/product"}],"wp:featuredmedia":[{"embeddable":true,"href":"https:\/\/libreriahistoriasdebolsillo.com\/index.php\/wp-json\/wp\/v2\/media\/4504"}],"wp:attachment":[{"href":"https:\/\/libreriahistoriasdebolsillo.com\/index.php\/wp-json\/wp\/v2\/media?parent=4503"}],"wp:term":[{"taxonomy":"product_brand","embeddable":true,"href":"https:\/\/libreriahistoriasdebolsillo.com\/index.php\/wp-json\/wp\/v2\/product_brand?post=4503"},{"taxonomy":"product_cat","embeddable":true,"href":"https:\/\/libreriahistoriasdebolsillo.com\/index.php\/wp-json\/wp\/v2\/product_cat?post=4503"},{"taxonomy":"product_tag","embeddable":true,"href":"https:\/\/libreriahistoriasdebolsillo.com\/index.php\/wp-json\/wp\/v2\/product_tag?post=4503"}],"curies":[{"name":"wp","href":"https:\/\/api.w.org\/{rel}","templated":true}]}}