{"id":4505,"date":"2024-04-27T09:54:03","date_gmt":"2024-04-27T15:54:03","guid":{"rendered":"https:\/\/libreriahistoriasdebolsillo.com\/?post_type=product&#038;p=4505"},"modified":"2024-07-01T14:59:36","modified_gmt":"2024-07-01T20:59:36","slug":"el-tesoro-cosmico","status":"publish","type":"product","link":"https:\/\/libreriahistoriasdebolsillo.com\/index.php\/producto\/el-tesoro-cosmico\/","title":{"rendered":"El tesoro c\u00f3smico"},"content":{"rendered":"<p><b>Algo no marcha bien.\u00a0<\/b>Eric, el antiguo vecino de George, est\u00e1 en Florida trabajando en un proyecto cient\u00edfico para descubrir si hay\u00a0<b>vida en el planeta Marte<\/b>\u00a0y en otros lugares del sistema solar. El robot encargado de la misi\u00f3n act\u00faa de forma muy extra\u00f1a y, seg\u00fan le cuenta Annie a George, \u00a1<b>un alien les ha enviado un mensaje\u00a0<\/b>para decirles que deben volver al espacio si no quieren que el mundo se acabe!<\/p>\n<p>Una vez m\u00e1s, Annie y George deber\u00e1n\u00a0<b>enfundarse sus trajes espaciales\u00a0<\/b>y seguir las pistas que los conducir\u00e1n hasta un peligros\u00edsimo y siniestro personaje&#8230;<\/p>\n<p>Despu\u00e9s de\u00a0<i>La clave secreta del Universo,<\/i>\u00a0el prestigioso cient\u00edfico Stephen Hawking y su hija Lucy acercan la ciencia a todos los lectores de forma divertida y amena.<\/p>\n","protected":false},"excerpt":{"rendered":"<p>Lucy y Stephen Hawking<\/p>\n","protected":false},"featured_media":4506,"template":"","meta":{"_joinchat":[]},"product_brand":[],"product_cat":[60,41],"product_tag":[34],"class_list":{"0":"post-4505","1":"product","2":"type-product","3":"status-publish","4":"has-post-thumbnail","6":"product_cat-ciencia","7":"product_cat-desarrollo-humano","8":"product_tag-penguin-random-house","10":"first","11":"outofstock","12":"shipping-taxable","13":"purchasable","14":"product-type-simple"},"_links":{"self":[{"href":"https:\/\/libreriahistoriasdebolsillo.com\/index.php\/wp-json\/wp\/v2\/product\/4505","targetHints":{"allow":["GET"]}}],"collection":[{"href":"https:\/\/libreriahistoriasdebolsillo.com\/index.php\/wp-json\/wp\/v2\/product"}],"about":[{"href":"https:\/\/libreriahistoriasdebolsillo.com\/index.php\/wp-json\/wp\/v2\/types\/product"}],"wp:featuredmedia":[{"embeddable":true,"href":"https:\/\/libreriahistoriasdebolsillo.com\/index.php\/wp-json\/wp\/v2\/media\/4506"}],"wp:attachment":[{"href":"https:\/\/libreriahistoriasdebolsillo.com\/index.php\/wp-json\/wp\/v2\/media?parent=4505"}],"wp:term":[{"taxonomy":"product_brand","embeddable":true,"href":"https:\/\/libreriahistoriasdebolsillo.com\/index.php\/wp-json\/wp\/v2\/product_brand?post=4505"},{"taxonomy":"product_cat","embeddable":true,"href":"https:\/\/libreriahistoriasdebolsillo.com\/index.php\/wp-json\/wp\/v2\/product_cat?post=4505"},{"taxonomy":"product_tag","embeddable":true,"href":"https:\/\/libreriahistoriasdebolsillo.com\/index.php\/wp-json\/wp\/v2\/product_tag?post=4505"}],"curies":[{"name":"wp","href":"https:\/\/api.w.org\/{rel}","templated":true}]}}