{"id":4507,"date":"2024-04-27T10:11:03","date_gmt":"2024-04-27T16:11:03","guid":{"rendered":"https:\/\/libreriahistoriasdebolsillo.com\/?post_type=product&#038;p=4507"},"modified":"2024-07-01T14:59:58","modified_gmt":"2024-07-01T20:59:58","slug":"cancion-de-tumba","status":"publish","type":"product","link":"https:\/\/libreriahistoriasdebolsillo.com\/index.php\/producto\/cancion-de-tumba\/","title":{"rendered":"Canci\u00f3n de tumba"},"content":{"rendered":"<p><b>Premio Ja\u00e9n de Novela 2011<\/b><\/p>\n<p><b>Premio de Novela Elena Poniatowska 2012<\/b><\/p>\n<p><b>En\u00a0<i>Canci\u00f3n de Tumba<\/i>, el siglo XXI nos respira en la nuca con su aliento m\u00e1s fiero. Novela descarnada, pero sabia y po\u00e9tica en su crudeza, se mueve en la l\u00ednea de El desbarrancadero, de Fernando Vallejo. Creo que no hay en castellano nadie tan genialmente contempor\u00e1neo como Juli\u00e1n Herbert. -Laura Restrepo<\/b><\/p>\n<p><i>Canci\u00f3n de tumba<\/i>\u00a0narra la azarosa vida de Guadalupe Ch\u00e1vez, prostituta y madre del narrador que, a lo largo del libro, se encamina hacia la muerte, v\u00edctima de leucemia. La enfermedad de Guadalupe impone al protagonista un ejercicio autobiogr\u00e1fico que lo llevar\u00e1 a sumergirse en su infancia y su juventud, al tiempo que indaga en la compleja relaci\u00f3n con su madre, con sus propios hijos y con su pa\u00eds, M\u00e9xico, asolado por la corrupci\u00f3n, la violencia y la destrucci\u00f3n.<\/p>\n<p>La novela de Juli\u00e1n Herbert saca esqueletos del armario, crea una voz narrativa genuina y febril, dibuja un M\u00e9xico desalmado poblado por personajes que ya forman parte de lo mejor de la literatura en espa\u00f1ol.\u00a0<i>Canci\u00f3n de tumba<\/i>\u00a0es poes\u00eda, m\u00fasica y una lectura inagotable.<\/p>\n","protected":false},"excerpt":{"rendered":"<p>Juli\u00e1n Herbert<\/p>\n","protected":false},"featured_media":4508,"template":"","meta":{"_joinchat":[]},"product_brand":[],"product_cat":[78],"product_tag":[34],"class_list":{"0":"post-4507","1":"product","2":"type-product","3":"status-publish","4":"has-post-thumbnail","6":"product_cat-contemporanea","7":"product_tag-penguin-random-house","9":"first","10":"outofstock","11":"shipping-taxable","12":"purchasable","13":"product-type-simple"},"_links":{"self":[{"href":"https:\/\/libreriahistoriasdebolsillo.com\/index.php\/wp-json\/wp\/v2\/product\/4507","targetHints":{"allow":["GET"]}}],"collection":[{"href":"https:\/\/libreriahistoriasdebolsillo.com\/index.php\/wp-json\/wp\/v2\/product"}],"about":[{"href":"https:\/\/libreriahistoriasdebolsillo.com\/index.php\/wp-json\/wp\/v2\/types\/product"}],"wp:featuredmedia":[{"embeddable":true,"href":"https:\/\/libreriahistoriasdebolsillo.com\/index.php\/wp-json\/wp\/v2\/media\/4508"}],"wp:attachment":[{"href":"https:\/\/libreriahistoriasdebolsillo.com\/index.php\/wp-json\/wp\/v2\/media?parent=4507"}],"wp:term":[{"taxonomy":"product_brand","embeddable":true,"href":"https:\/\/libreriahistoriasdebolsillo.com\/index.php\/wp-json\/wp\/v2\/product_brand?post=4507"},{"taxonomy":"product_cat","embeddable":true,"href":"https:\/\/libreriahistoriasdebolsillo.com\/index.php\/wp-json\/wp\/v2\/product_cat?post=4507"},{"taxonomy":"product_tag","embeddable":true,"href":"https:\/\/libreriahistoriasdebolsillo.com\/index.php\/wp-json\/wp\/v2\/product_tag?post=4507"}],"curies":[{"name":"wp","href":"https:\/\/api.w.org\/{rel}","templated":true}]}}