{"id":4509,"date":"2024-04-27T10:12:32","date_gmt":"2024-04-27T16:12:32","guid":{"rendered":"https:\/\/libreriahistoriasdebolsillo.com\/?post_type=product&#038;p=4509"},"modified":"2024-07-01T14:59:53","modified_gmt":"2024-07-01T20:59:53","slug":"la-casa-del-dolor-ajeno","status":"publish","type":"product","link":"https:\/\/libreriahistoriasdebolsillo.com\/index.php\/producto\/la-casa-del-dolor-ajeno\/","title":{"rendered":"La casa del dolor ajeno"},"content":{"rendered":"<p>A principios del siglo XX, con\u00a0<b>el mito de la modernidad y el progreso en el centro del discurso porfirista<\/b>, un hecho cimbr\u00f3 la historia de M\u00e9xico: entre el 13 y el 15 de mayo de 1911,\u00a0<b>303 chinos fueron masacrados por tropas revolucionarias<\/b>\u00a0y ciudadanos de Torre\u00f3n.<b>\u00a0Se trata de la m\u00e1s grande matanza de chinos en Am\u00e9rica.\u00a0<\/b>M\u00e1s de un siglo despu\u00e9s, sigue siendo equ\u00edvoco y escaso el reconocimiento de los hechos.<\/p>\n<p>A contraluz de la violencia contempor\u00e1nea, Juli\u00e1n Herbert ofrece al lector un potente relato que supera la sola descripci\u00f3n de la calamidad.\u00a0<b>M\u00e1s que una b\u00fasqueda de la verdad hist\u00f3rica, esta versi\u00f3n del \u00abpeque\u00f1o genocidio\u00bb es un intento por restituir dignidad a un grupo de migrantes.<\/b><\/p>\n","protected":false},"excerpt":{"rendered":"<p>Juli\u00e1n Herbert<\/p>\n","protected":false},"featured_media":4510,"template":"","meta":{"_joinchat":[]},"product_brand":[],"product_cat":[78],"product_tag":[34],"class_list":{"0":"post-4509","1":"product","2":"type-product","3":"status-publish","4":"has-post-thumbnail","6":"product_cat-contemporanea","7":"product_tag-penguin-random-house","9":"first","10":"outofstock","11":"shipping-taxable","12":"purchasable","13":"product-type-simple"},"_links":{"self":[{"href":"https:\/\/libreriahistoriasdebolsillo.com\/index.php\/wp-json\/wp\/v2\/product\/4509","targetHints":{"allow":["GET"]}}],"collection":[{"href":"https:\/\/libreriahistoriasdebolsillo.com\/index.php\/wp-json\/wp\/v2\/product"}],"about":[{"href":"https:\/\/libreriahistoriasdebolsillo.com\/index.php\/wp-json\/wp\/v2\/types\/product"}],"wp:featuredmedia":[{"embeddable":true,"href":"https:\/\/libreriahistoriasdebolsillo.com\/index.php\/wp-json\/wp\/v2\/media\/4510"}],"wp:attachment":[{"href":"https:\/\/libreriahistoriasdebolsillo.com\/index.php\/wp-json\/wp\/v2\/media?parent=4509"}],"wp:term":[{"taxonomy":"product_brand","embeddable":true,"href":"https:\/\/libreriahistoriasdebolsillo.com\/index.php\/wp-json\/wp\/v2\/product_brand?post=4509"},{"taxonomy":"product_cat","embeddable":true,"href":"https:\/\/libreriahistoriasdebolsillo.com\/index.php\/wp-json\/wp\/v2\/product_cat?post=4509"},{"taxonomy":"product_tag","embeddable":true,"href":"https:\/\/libreriahistoriasdebolsillo.com\/index.php\/wp-json\/wp\/v2\/product_tag?post=4509"}],"curies":[{"name":"wp","href":"https:\/\/api.w.org\/{rel}","templated":true}]}}