{"id":4513,"date":"2024-04-27T10:16:51","date_gmt":"2024-04-27T16:16:51","guid":{"rendered":"https:\/\/libreriahistoriasdebolsillo.com\/?post_type=product&#038;p=4513"},"modified":"2024-07-01T15:00:13","modified_gmt":"2024-07-01T21:00:13","slug":"los-complices-del-presidente","status":"publish","type":"product","link":"https:\/\/libreriahistoriasdebolsillo.com\/index.php\/producto\/los-complices-del-presidente\/","title":{"rendered":"Los c\u00f3mplices del presidente"},"content":{"rendered":"<p><b><i>Los c\u00f3mplices del presidente<\/i>\u00a0fue publicado originalmente a fines de 2008. Van m\u00e1s de 40 000 ejemplares vendidos desde entonces.<\/b><\/p>\n<p>En la nota a esta nueva edici\u00f3n en Debolsillo, la autora escribe: Han pasado un a\u00f1o y tres meses desde la aparici\u00f3n de\u00a0<i>Los c\u00f3mplices del presidente.<\/i>\u00a0En este corto periodo el libro ha adquirido gran importancia y demanda una nueva lectura, incluso para m\u00ed como autora. Hoy m\u00e1s que nunca sus l\u00edneas se vuelven vigentes para comprender la convulsa \u00e9poca que vivimos.<\/p>\n<p>En septiembre de 2008, cuando le puse punto final a esta obra, tuve la certeza de que ninguno de los tres protagonistas,\u00a0<b>Felipe Calder\u00f3n, Juan Camilo Mouri\u00f1o y Genaro Garc\u00eda Luna\u00a0<\/b>terminar\u00eda bien el sexenio. El tiempo me ha dado la raz\u00f3n. La muerte de Juan Camilo Mouri\u00f1o lo convirti\u00f3 en m\u00e1rtir y no en el pol\u00edtico que deb\u00eda rendir cuentas por sus\u00a0<b>abusos y excesos<\/b>\u00a0(aqu\u00ed documentados). Calder\u00f3n vive su propio infierno. Hoy\u00a0<b>Garc\u00eda Luna<\/b>\u00a0es se\u00f1alado p\u00fablicamente por pol\u00edticos de oposici\u00f3n como\u00a0<b>corrupto<\/b>.<\/p>\n<p>Por todo esto, el libro permite entender lo que est\u00e1 sucediendo en nuestro pa\u00eds.<\/p>\n","protected":false},"excerpt":{"rendered":"<p>Anabel Hern\u00e1ndez<\/p>\n","protected":false},"featured_media":4514,"template":"","meta":{"_joinchat":[]},"product_brand":[],"product_cat":[41,64],"product_tag":[34],"class_list":{"0":"post-4513","1":"product","2":"type-product","3":"status-publish","4":"has-post-thumbnail","6":"product_cat-desarrollo-humano","7":"product_cat-periodismo","8":"product_tag-penguin-random-house","10":"first","11":"outofstock","12":"shipping-taxable","13":"purchasable","14":"product-type-simple"},"_links":{"self":[{"href":"https:\/\/libreriahistoriasdebolsillo.com\/index.php\/wp-json\/wp\/v2\/product\/4513","targetHints":{"allow":["GET"]}}],"collection":[{"href":"https:\/\/libreriahistoriasdebolsillo.com\/index.php\/wp-json\/wp\/v2\/product"}],"about":[{"href":"https:\/\/libreriahistoriasdebolsillo.com\/index.php\/wp-json\/wp\/v2\/types\/product"}],"wp:featuredmedia":[{"embeddable":true,"href":"https:\/\/libreriahistoriasdebolsillo.com\/index.php\/wp-json\/wp\/v2\/media\/4514"}],"wp:attachment":[{"href":"https:\/\/libreriahistoriasdebolsillo.com\/index.php\/wp-json\/wp\/v2\/media?parent=4513"}],"wp:term":[{"taxonomy":"product_brand","embeddable":true,"href":"https:\/\/libreriahistoriasdebolsillo.com\/index.php\/wp-json\/wp\/v2\/product_brand?post=4513"},{"taxonomy":"product_cat","embeddable":true,"href":"https:\/\/libreriahistoriasdebolsillo.com\/index.php\/wp-json\/wp\/v2\/product_cat?post=4513"},{"taxonomy":"product_tag","embeddable":true,"href":"https:\/\/libreriahistoriasdebolsillo.com\/index.php\/wp-json\/wp\/v2\/product_tag?post=4513"}],"curies":[{"name":"wp","href":"https:\/\/api.w.org\/{rel}","templated":true}]}}