{"id":4515,"date":"2024-04-27T10:20:52","date_gmt":"2024-04-27T16:20:52","guid":{"rendered":"https:\/\/libreriahistoriasdebolsillo.com\/?post_type=product&#038;p=4515"},"modified":"2024-07-01T15:00:32","modified_gmt":"2024-07-01T21:00:32","slug":"como-ser-una-bruja-moderna","status":"publish","type":"product","link":"https:\/\/libreriahistoriasdebolsillo.com\/index.php\/producto\/como-ser-una-bruja-moderna\/","title":{"rendered":"C\u00f3mo ser una bruja moderna"},"content":{"rendered":"<p>Guiada por la escritora, alquimista de la moda y bruja moderna Gabriela Herstik, descubrir\u00e1s el antiguo arte de la brujer\u00eda para que puedas encontrar aquella magia que sea mejor para ti. Desde trabajar con\u00a0<b>cristales, tarot y astrolog\u00eda<\/b>\u00a0hasta entender la<b>\u00a0magia sexual<\/b>, los solsticios y las lunas llenas, con este maravilloso libro, repleto de hechizos y rituales para cuidarte, aprender\u00e1s a aprovechar tu energ\u00eda ps\u00edquica, a mantenerte lejos de la energ\u00eda t\u00f3xica, a entrar de nuevo en el mundo natural, a tomar el control y a reconectarte contigo misma.<\/p>\n<p>Porque, al fin y al cabo, las\u00a0<b>mujeres empoderadas<\/b>\u00a0dirigen el mundo (y probablemente sean brujas).<\/p>\n","protected":false},"excerpt":{"rendered":"<p>Gabriela Herstik<\/p>\n","protected":false},"featured_media":4516,"template":"","meta":{"_joinchat":[]},"product_brand":[],"product_cat":[59,41],"product_tag":[34],"class_list":{"0":"post-4515","1":"product","2":"type-product","3":"status-publish","4":"has-post-thumbnail","6":"product_cat-esoterismo","7":"product_cat-desarrollo-humano","8":"product_tag-penguin-random-house","10":"first","11":"outofstock","12":"shipping-taxable","13":"purchasable","14":"product-type-simple"},"_links":{"self":[{"href":"https:\/\/libreriahistoriasdebolsillo.com\/index.php\/wp-json\/wp\/v2\/product\/4515","targetHints":{"allow":["GET"]}}],"collection":[{"href":"https:\/\/libreriahistoriasdebolsillo.com\/index.php\/wp-json\/wp\/v2\/product"}],"about":[{"href":"https:\/\/libreriahistoriasdebolsillo.com\/index.php\/wp-json\/wp\/v2\/types\/product"}],"wp:featuredmedia":[{"embeddable":true,"href":"https:\/\/libreriahistoriasdebolsillo.com\/index.php\/wp-json\/wp\/v2\/media\/4516"}],"wp:attachment":[{"href":"https:\/\/libreriahistoriasdebolsillo.com\/index.php\/wp-json\/wp\/v2\/media?parent=4515"}],"wp:term":[{"taxonomy":"product_brand","embeddable":true,"href":"https:\/\/libreriahistoriasdebolsillo.com\/index.php\/wp-json\/wp\/v2\/product_brand?post=4515"},{"taxonomy":"product_cat","embeddable":true,"href":"https:\/\/libreriahistoriasdebolsillo.com\/index.php\/wp-json\/wp\/v2\/product_cat?post=4515"},{"taxonomy":"product_tag","embeddable":true,"href":"https:\/\/libreriahistoriasdebolsillo.com\/index.php\/wp-json\/wp\/v2\/product_tag?post=4515"}],"curies":[{"name":"wp","href":"https:\/\/api.w.org\/{rel}","templated":true}]}}