{"id":4517,"date":"2024-04-27T10:23:09","date_gmt":"2024-04-27T16:23:09","guid":{"rendered":"https:\/\/libreriahistoriasdebolsillo.com\/?post_type=product&#038;p=4517"},"modified":"2024-06-03T17:10:08","modified_gmt":"2024-06-03T23:10:08","slug":"la-razon-por-la-que-salto","status":"publish","type":"product","link":"https:\/\/libreriahistoriasdebolsillo.com\/index.php\/producto\/la-razon-por-la-que-salto\/","title":{"rendered":"La raz\u00f3n por la que salto"},"content":{"rendered":"<p>Cuando, con trece a\u00f1os, Naoki Higashida empez\u00f3 a comunicarse a trav\u00e9s de una parrilla de ideogramas dise\u00f1ada por su madre, estaba haciendo historia. Nunca antes un ni\u00f1o aquejado de un grado de autismo tan severo hab\u00eda conseguido expresarse. Naoki consigue traducir su experiencia a un lenguaje comprensible para cualquier lector a trav\u00e9s de preguntas como: \u00bfpor qu\u00e9 los autistas hablan tan alto y tan raro?; \u00bfpor qu\u00e9 les gusta poner sus coches de juguete en fila?; \u00bfpor qu\u00e9 saltan? Sus respuestas son optimistas y transmiten alegr\u00eda de vivir, ternura y, sobre todo, nos presentan a alguien admirable de quien hay mucho que aprender.<\/p>\n","protected":false},"excerpt":{"rendered":"<p>Naoki Higashida<\/p>\n","protected":false},"featured_media":4518,"template":"","meta":{"_joinchat":[]},"product_brand":[],"product_cat":[41,51],"product_tag":[34],"class_list":{"0":"post-4517","1":"product","2":"type-product","3":"status-publish","4":"has-post-thumbnail","6":"product_cat-desarrollo-humano","7":"product_cat-oferta","8":"product_tag-penguin-random-house","10":"first","11":"outofstock","12":"shipping-taxable","13":"purchasable","14":"product-type-simple"},"_links":{"self":[{"href":"https:\/\/libreriahistoriasdebolsillo.com\/index.php\/wp-json\/wp\/v2\/product\/4517","targetHints":{"allow":["GET"]}}],"collection":[{"href":"https:\/\/libreriahistoriasdebolsillo.com\/index.php\/wp-json\/wp\/v2\/product"}],"about":[{"href":"https:\/\/libreriahistoriasdebolsillo.com\/index.php\/wp-json\/wp\/v2\/types\/product"}],"wp:featuredmedia":[{"embeddable":true,"href":"https:\/\/libreriahistoriasdebolsillo.com\/index.php\/wp-json\/wp\/v2\/media\/4518"}],"wp:attachment":[{"href":"https:\/\/libreriahistoriasdebolsillo.com\/index.php\/wp-json\/wp\/v2\/media?parent=4517"}],"wp:term":[{"taxonomy":"product_brand","embeddable":true,"href":"https:\/\/libreriahistoriasdebolsillo.com\/index.php\/wp-json\/wp\/v2\/product_brand?post=4517"},{"taxonomy":"product_cat","embeddable":true,"href":"https:\/\/libreriahistoriasdebolsillo.com\/index.php\/wp-json\/wp\/v2\/product_cat?post=4517"},{"taxonomy":"product_tag","embeddable":true,"href":"https:\/\/libreriahistoriasdebolsillo.com\/index.php\/wp-json\/wp\/v2\/product_tag?post=4517"}],"curies":[{"name":"wp","href":"https:\/\/api.w.org\/{rel}","templated":true}]}}