{"id":4523,"date":"2024-04-27T10:30:36","date_gmt":"2024-04-27T16:30:36","guid":{"rendered":"https:\/\/libreriahistoriasdebolsillo.com\/?post_type=product&#038;p=4523"},"modified":"2024-07-01T15:01:36","modified_gmt":"2024-07-01T21:01:36","slug":"y-las-montanas-hablaron","status":"publish","type":"product","link":"https:\/\/libreriahistoriasdebolsillo.com\/index.php\/producto\/y-las-montanas-hablaron\/","title":{"rendered":"Y las monta\u00f1as hablaron"},"content":{"rendered":"<p>La decisi\u00f3n de una humilde familia campesina de dar una hija en adopci\u00f3n a un matrimonio adinerado es el fundamento sobre el que Khaled Hosseini -autor de las inolvidables\u00a0<i>Cometas en el cielo<\/i>\u00a0y\u00a0<i>Mil soles espl\u00e9ndidos<\/i>&#8211; ha tejido este formidable tapiz en el que se entrelazan los destinos de varias generaciones y se exploran las infinitas formas en que el amor, el valor, la traici\u00f3n y el sacrificio desempe\u00f1an un papel determinante en las vidas de las personas.<\/p>\n<p>La historia arranca en una remota y desolada aldea de Afganist\u00e1n, donde Sabur y su segunda mujer se enfrentan en condiciones precarias a la llegada de otro invierno implacable. Abdul\u00e1, el hijo mayor, de diez a\u00f1os, ha cuidado de su hermana Pari desde que era peque\u00f1a, y ahora ambos escuchan cautivados la triste historia que les relata su padre antes de acostarlos, la v\u00edspera de iniciar un largo viaje que los conducir\u00e1 hasta Kabul. All\u00ed, en las bulliciosas calles de la capital, dar\u00e1 comienzo este fascinante itinerario que guiar\u00e1 al lector desde el oto\u00f1o de 1952 hasta el presente, de Kabul a Par\u00eds, desde la isla griega de Tinos hasta San Francisco.<\/p>\n","protected":false},"excerpt":{"rendered":"<p>Khaled Hosseini<\/p>\n","protected":false},"featured_media":4524,"template":"","meta":{"_joinchat":[]},"product_brand":[],"product_cat":[33,56],"product_tag":[34],"class_list":{"0":"post-4523","1":"product","2":"type-product","3":"status-publish","4":"has-post-thumbnail","6":"product_cat-ficcion-general","7":"product_cat-historica","8":"product_tag-penguin-random-house","10":"first","11":"outofstock","12":"shipping-taxable","13":"purchasable","14":"product-type-simple"},"_links":{"self":[{"href":"https:\/\/libreriahistoriasdebolsillo.com\/index.php\/wp-json\/wp\/v2\/product\/4523","targetHints":{"allow":["GET"]}}],"collection":[{"href":"https:\/\/libreriahistoriasdebolsillo.com\/index.php\/wp-json\/wp\/v2\/product"}],"about":[{"href":"https:\/\/libreriahistoriasdebolsillo.com\/index.php\/wp-json\/wp\/v2\/types\/product"}],"wp:featuredmedia":[{"embeddable":true,"href":"https:\/\/libreriahistoriasdebolsillo.com\/index.php\/wp-json\/wp\/v2\/media\/4524"}],"wp:attachment":[{"href":"https:\/\/libreriahistoriasdebolsillo.com\/index.php\/wp-json\/wp\/v2\/media?parent=4523"}],"wp:term":[{"taxonomy":"product_brand","embeddable":true,"href":"https:\/\/libreriahistoriasdebolsillo.com\/index.php\/wp-json\/wp\/v2\/product_brand?post=4523"},{"taxonomy":"product_cat","embeddable":true,"href":"https:\/\/libreriahistoriasdebolsillo.com\/index.php\/wp-json\/wp\/v2\/product_cat?post=4523"},{"taxonomy":"product_tag","embeddable":true,"href":"https:\/\/libreriahistoriasdebolsillo.com\/index.php\/wp-json\/wp\/v2\/product_tag?post=4523"}],"curies":[{"name":"wp","href":"https:\/\/api.w.org\/{rel}","templated":true}]}}