{"id":4529,"date":"2024-04-27T10:37:47","date_gmt":"2024-04-27T16:37:47","guid":{"rendered":"https:\/\/libreriahistoriasdebolsillo.com\/?post_type=product&#038;p=4529"},"modified":"2024-07-01T15:00:57","modified_gmt":"2024-07-01T21:00:57","slug":"un-asunto-pendiente","status":"publish","type":"product","link":"https:\/\/libreriahistoriasdebolsillo.com\/index.php\/producto\/un-asunto-pendiente\/","title":{"rendered":"Un asunto pendiente"},"content":{"rendered":"<p>Megan y Duncan Richards han recorrido un largo camino desde 1968 y su\u00a0<b>pasado radical<\/b>. \u00c9l trabaja en un banco; ella, en el sector inmobiliario. Tienen dos hijas adolescentes y un hijo peque\u00f1o.\u00a0<b>Pero el pasado no los ha olvidado.<\/b><\/p>\n<p>Desde su celda de la prisi\u00f3n, la bella y despiadada\u00a0<b>terrorista\u00a0<\/b>Tanya, con quien los Richards estuvieron implicados en 1968, planea\u00a0<b>vengarse\u00a0<\/b>de la pareja, a la que culpa de su captura. Pronto saldr\u00e1 de la c\u00e1rcel. Y comenzar\u00e1 a resolver un asunto pendiente, comenzando por el hijo de los Richards&#8230;<\/p>\n","protected":false},"excerpt":{"rendered":"<p>John Katzenbach<\/p>\n","protected":false},"featured_media":4530,"template":"","meta":{"_joinchat":[]},"product_brand":[],"product_cat":[37],"product_tag":[34],"class_list":{"0":"post-4529","1":"product","2":"type-product","3":"status-publish","4":"has-post-thumbnail","6":"product_cat-misterio-y-thriller","7":"product_tag-penguin-random-house","9":"first","10":"outofstock","11":"shipping-taxable","12":"purchasable","13":"product-type-simple"},"_links":{"self":[{"href":"https:\/\/libreriahistoriasdebolsillo.com\/index.php\/wp-json\/wp\/v2\/product\/4529","targetHints":{"allow":["GET"]}}],"collection":[{"href":"https:\/\/libreriahistoriasdebolsillo.com\/index.php\/wp-json\/wp\/v2\/product"}],"about":[{"href":"https:\/\/libreriahistoriasdebolsillo.com\/index.php\/wp-json\/wp\/v2\/types\/product"}],"wp:featuredmedia":[{"embeddable":true,"href":"https:\/\/libreriahistoriasdebolsillo.com\/index.php\/wp-json\/wp\/v2\/media\/4530"}],"wp:attachment":[{"href":"https:\/\/libreriahistoriasdebolsillo.com\/index.php\/wp-json\/wp\/v2\/media?parent=4529"}],"wp:term":[{"taxonomy":"product_brand","embeddable":true,"href":"https:\/\/libreriahistoriasdebolsillo.com\/index.php\/wp-json\/wp\/v2\/product_brand?post=4529"},{"taxonomy":"product_cat","embeddable":true,"href":"https:\/\/libreriahistoriasdebolsillo.com\/index.php\/wp-json\/wp\/v2\/product_cat?post=4529"},{"taxonomy":"product_tag","embeddable":true,"href":"https:\/\/libreriahistoriasdebolsillo.com\/index.php\/wp-json\/wp\/v2\/product_tag?post=4529"}],"curies":[{"name":"wp","href":"https:\/\/api.w.org\/{rel}","templated":true}]}}