{"id":4531,"date":"2024-04-27T10:39:42","date_gmt":"2024-04-27T16:39:42","guid":{"rendered":"https:\/\/libreriahistoriasdebolsillo.com\/?post_type=product&#038;p=4531"},"modified":"2024-07-01T15:00:52","modified_gmt":"2024-07-01T21:00:52","slug":"la-historia-del-loco-2","status":"publish","type":"product","link":"https:\/\/libreriahistoriasdebolsillo.com\/index.php\/producto\/la-historia-del-loco-2\/","title":{"rendered":"La historia del loco"},"content":{"rendered":"<p>Francis Petrel ten\u00eda poco m\u00e1s de veinte a\u00f1os cuando su familia lo\u00a0<b>recluy\u00f3<\/b>\u00a0en el\u00a0<b>psiqui\u00e1trico<\/b>\u00a0tras una conducta imprevisible que culmin\u00f3 en una\u00a0<b>crisis<\/b>. Pero un reencuentro en los terrenos de la clausurada instituci\u00f3n remueve algo profundo en la mente agitada de Francis: unos recuerdos sombr\u00edos, que\u00e9l cre\u00eda haber enterrado, sobre los truculentos hechos que condujeron al cierre del Western State Hospital, y el\u00a0<b>asesinato<\/b>\u00a0sin resolver de una joven\u00a0<b>enfermera<\/b>, cuyo\u00a0<b>cad\u00e1ver<\/b>\u00a0mutilado fue encontrado una noche despu\u00e9s de que seapagaran las luces. La\u00a0<b>polic<\/b><b>i<\/b><b>a<\/b>\u00a0sospecho de un paciente, pero solo ahora, con la reaparicion del\u00a0<b>asesino<\/b>, se conocera la respuesta.<\/p>\n","protected":false},"excerpt":{"rendered":"<p>John Katzenbach<\/p>\n","protected":false},"featured_media":4532,"template":"","meta":{"_joinchat":[]},"product_brand":[],"product_cat":[37],"product_tag":[34],"class_list":{"0":"post-4531","1":"product","2":"type-product","3":"status-publish","4":"has-post-thumbnail","6":"product_cat-misterio-y-thriller","7":"product_tag-penguin-random-house","9":"first","10":"outofstock","11":"shipping-taxable","12":"purchasable","13":"product-type-simple"},"_links":{"self":[{"href":"https:\/\/libreriahistoriasdebolsillo.com\/index.php\/wp-json\/wp\/v2\/product\/4531","targetHints":{"allow":["GET"]}}],"collection":[{"href":"https:\/\/libreriahistoriasdebolsillo.com\/index.php\/wp-json\/wp\/v2\/product"}],"about":[{"href":"https:\/\/libreriahistoriasdebolsillo.com\/index.php\/wp-json\/wp\/v2\/types\/product"}],"wp:featuredmedia":[{"embeddable":true,"href":"https:\/\/libreriahistoriasdebolsillo.com\/index.php\/wp-json\/wp\/v2\/media\/4532"}],"wp:attachment":[{"href":"https:\/\/libreriahistoriasdebolsillo.com\/index.php\/wp-json\/wp\/v2\/media?parent=4531"}],"wp:term":[{"taxonomy":"product_brand","embeddable":true,"href":"https:\/\/libreriahistoriasdebolsillo.com\/index.php\/wp-json\/wp\/v2\/product_brand?post=4531"},{"taxonomy":"product_cat","embeddable":true,"href":"https:\/\/libreriahistoriasdebolsillo.com\/index.php\/wp-json\/wp\/v2\/product_cat?post=4531"},{"taxonomy":"product_tag","embeddable":true,"href":"https:\/\/libreriahistoriasdebolsillo.com\/index.php\/wp-json\/wp\/v2\/product_tag?post=4531"}],"curies":[{"name":"wp","href":"https:\/\/api.w.org\/{rel}","templated":true}]}}