{"id":4535,"date":"2024-04-27T10:52:24","date_gmt":"2024-04-27T16:52:24","guid":{"rendered":"https:\/\/libreriahistoriasdebolsillo.com\/?post_type=product&#038;p=4535"},"modified":"2024-07-01T15:03:15","modified_gmt":"2024-07-01T21:03:15","slug":"el-umbral-de-la-noche","status":"publish","type":"product","link":"https:\/\/libreriahistoriasdebolsillo.com\/index.php\/producto\/el-umbral-de-la-noche\/","title":{"rendered":"El umbral de la noche"},"content":{"rendered":"<p>El gran gusano hediondo se ha ense\u00f1oreado de la aldea abandonada y no permitir\u00e1 que nadie acabe con sus misas negras. La m\u00e1quina planchadora ha probado la sangre de una virgen y quiere m\u00e1s, mucho m\u00e1s, y su macabro deseo no se detendr\u00e1 ante nada. Los amplios maizales imponen a los chicos sus sanguinarios ritos&#8230;<\/p>\n<p><i>El umbral de la noche<\/i>\u00a0nos transporta a un mundo de terrores imposibles pero que est\u00e1n ah\u00ed, a la vuelta de la esquina, en un maizal, en un pueblo abandonado, en una lavander\u00eda, debajo de la cama o tras la puerta de ese armario que ni siquiera rechina. Un libro de relatos escalofriantes, por el indiscutido maestro del terror.<\/p>\n","protected":false},"excerpt":{"rendered":"<p>Stephen King<\/p>\n","protected":false},"featured_media":4540,"template":"","meta":{"_joinchat":[]},"product_brand":[],"product_cat":[36],"product_tag":[34],"class_list":{"0":"post-4535","1":"product","2":"type-product","3":"status-publish","4":"has-post-thumbnail","6":"product_cat-terror-y-paranormal","7":"product_tag-penguin-random-house","9":"first","10":"outofstock","11":"shipping-taxable","12":"purchasable","13":"product-type-simple"},"_links":{"self":[{"href":"https:\/\/libreriahistoriasdebolsillo.com\/index.php\/wp-json\/wp\/v2\/product\/4535","targetHints":{"allow":["GET"]}}],"collection":[{"href":"https:\/\/libreriahistoriasdebolsillo.com\/index.php\/wp-json\/wp\/v2\/product"}],"about":[{"href":"https:\/\/libreriahistoriasdebolsillo.com\/index.php\/wp-json\/wp\/v2\/types\/product"}],"wp:featuredmedia":[{"embeddable":true,"href":"https:\/\/libreriahistoriasdebolsillo.com\/index.php\/wp-json\/wp\/v2\/media\/4540"}],"wp:attachment":[{"href":"https:\/\/libreriahistoriasdebolsillo.com\/index.php\/wp-json\/wp\/v2\/media?parent=4535"}],"wp:term":[{"taxonomy":"product_brand","embeddable":true,"href":"https:\/\/libreriahistoriasdebolsillo.com\/index.php\/wp-json\/wp\/v2\/product_brand?post=4535"},{"taxonomy":"product_cat","embeddable":true,"href":"https:\/\/libreriahistoriasdebolsillo.com\/index.php\/wp-json\/wp\/v2\/product_cat?post=4535"},{"taxonomy":"product_tag","embeddable":true,"href":"https:\/\/libreriahistoriasdebolsillo.com\/index.php\/wp-json\/wp\/v2\/product_tag?post=4535"}],"curies":[{"name":"wp","href":"https:\/\/api.w.org\/{rel}","templated":true}]}}