{"id":4545,"date":"2024-04-27T11:02:32","date_gmt":"2024-04-27T17:02:32","guid":{"rendered":"https:\/\/libreriahistoriasdebolsillo.com\/?post_type=product&#038;p=4545"},"modified":"2024-07-01T15:03:02","modified_gmt":"2024-07-01T21:03:02","slug":"corazones-en-la-atlantida","status":"publish","type":"product","link":"https:\/\/libreriahistoriasdebolsillo.com\/index.php\/producto\/corazones-en-la-atlantida\/","title":{"rendered":"Corazones en la Atl\u00e1ntida"},"content":{"rendered":"<p>Aunque algunos episodios de la d\u00e9cada de los sesenta nos parezcan irreales, no son ficticios, ocurrieron de verdad. Stephen King, que ha sido el primer escritor de la generaci\u00f3n de la televisi\u00f3n que ha logrado un enorme \u00e9xito, public\u00f3 en 1974 Carrie, su primera novela, justo un a\u00f1o antes de la retirada de las \u00faltimas tropas estadounidenses de Vietnam. Las im\u00e1genes de aquella guerra y de las protestas en contra hab\u00edan inundado las peque\u00f1as pantallas de las casas norteamericanas durante casi diez a\u00f1os, dejando una huella imborrableen toda una generaci\u00f3n. En Corazones en la Atl\u00e1ntida, King hipnotiza a sus lectores con una ficci\u00f3n profundamente inspirada en esos a\u00f1os, los sesenta, y explora, a lo largo de cuatro d\u00e9cadas, los estigmas y la herencia psicol\u00f3gica de la guerra de Vietnam en las personas.<\/p>\n","protected":false},"excerpt":{"rendered":"<p>Stephen King<\/p>\n","protected":false},"featured_media":4546,"template":"","meta":{"_joinchat":[]},"product_brand":[],"product_cat":[37,36],"product_tag":[34],"class_list":{"0":"post-4545","1":"product","2":"type-product","3":"status-publish","4":"has-post-thumbnail","6":"product_cat-misterio-y-thriller","7":"product_cat-terror-y-paranormal","8":"product_tag-penguin-random-house","10":"first","11":"outofstock","12":"shipping-taxable","13":"purchasable","14":"product-type-simple"},"_links":{"self":[{"href":"https:\/\/libreriahistoriasdebolsillo.com\/index.php\/wp-json\/wp\/v2\/product\/4545","targetHints":{"allow":["GET"]}}],"collection":[{"href":"https:\/\/libreriahistoriasdebolsillo.com\/index.php\/wp-json\/wp\/v2\/product"}],"about":[{"href":"https:\/\/libreriahistoriasdebolsillo.com\/index.php\/wp-json\/wp\/v2\/types\/product"}],"wp:featuredmedia":[{"embeddable":true,"href":"https:\/\/libreriahistoriasdebolsillo.com\/index.php\/wp-json\/wp\/v2\/media\/4546"}],"wp:attachment":[{"href":"https:\/\/libreriahistoriasdebolsillo.com\/index.php\/wp-json\/wp\/v2\/media?parent=4545"}],"wp:term":[{"taxonomy":"product_brand","embeddable":true,"href":"https:\/\/libreriahistoriasdebolsillo.com\/index.php\/wp-json\/wp\/v2\/product_brand?post=4545"},{"taxonomy":"product_cat","embeddable":true,"href":"https:\/\/libreriahistoriasdebolsillo.com\/index.php\/wp-json\/wp\/v2\/product_cat?post=4545"},{"taxonomy":"product_tag","embeddable":true,"href":"https:\/\/libreriahistoriasdebolsillo.com\/index.php\/wp-json\/wp\/v2\/product_tag?post=4545"}],"curies":[{"name":"wp","href":"https:\/\/api.w.org\/{rel}","templated":true}]}}