{"id":4547,"date":"2024-04-27T11:04:37","date_gmt":"2024-04-27T17:04:37","guid":{"rendered":"https:\/\/libreriahistoriasdebolsillo.com\/?post_type=product&#038;p=4547"},"modified":"2024-07-01T15:02:57","modified_gmt":"2024-07-01T21:02:57","slug":"trilogia-bill-hodges-2-quien-pierde-paga","status":"publish","type":"product","link":"https:\/\/libreriahistoriasdebolsillo.com\/index.php\/producto\/trilogia-bill-hodges-2-quien-pierde-paga\/","title":{"rendered":"Trilog\u00eda Bill Hodges 2. Quien pierde paga"},"content":{"rendered":"<p>\u00abDespierte, genio.\u00bb El genio es John Rothstein, un\u00a0<b>autor de culto<\/b>\u00a0y creador del personaje de Jimmy Gold.<\/p>\n<p>Morris Bellamy est\u00e1 fuera de s\u00ed no solo porque Rothstein haya dejado de escribir, sino tambi\u00e9n porque considera que el inconformista\u00a0<b>Jimmy Gold se ha vendido\u00a0<\/b>para dedicarse a la publicidad. Morris decide matar a Rothstein y vaciar su caja fuerte para llevarse un verdadero tesoro adem\u00e1s del dinero: los cuadernos de notas de una<b>\u00a0novela in\u00e9dita<\/b>. Morris logra esconderlo todo antes de acabar en la c\u00e1rcel por otro crimen terror\u00edfico.<\/p>\n<p>D\u00e9cadas m\u00e1s tarde, un chico llamado Pete Saubers encuentra el tesoro, y ahora son \u00e9l y su familia a quienes han de salvar\u00a0<b>Bill Hodges, Holly Gibney y Jerome Robinson<\/b>\u00a0del vengativo y trastornado Morris cuando salga de la c\u00e1rcel tras treinta y cinco a\u00f1os.<\/p>\n<p>\u00abUna vez m\u00e1s tenemos ante nosotros al mejor King\u00bb<\/p>\n<p><i>The Mail on Sunday<\/i><\/p>\n<p>\u00abImpecable, tramada al detalle y sorprendentemente cruenta. La intriga te corta la respiraci\u00f3n hasta el final\u00bb<\/p>\n<p><i>The Times<\/i><\/p>\n","protected":false},"excerpt":{"rendered":"<p>Stephen King<\/p>\n","protected":false},"featured_media":4548,"template":"","meta":{"_joinchat":[]},"product_brand":[],"product_cat":[37],"product_tag":[34],"class_list":{"0":"post-4547","1":"product","2":"type-product","3":"status-publish","4":"has-post-thumbnail","6":"product_cat-misterio-y-thriller","7":"product_tag-penguin-random-house","9":"first","10":"outofstock","11":"shipping-taxable","12":"purchasable","13":"product-type-simple"},"_links":{"self":[{"href":"https:\/\/libreriahistoriasdebolsillo.com\/index.php\/wp-json\/wp\/v2\/product\/4547","targetHints":{"allow":["GET"]}}],"collection":[{"href":"https:\/\/libreriahistoriasdebolsillo.com\/index.php\/wp-json\/wp\/v2\/product"}],"about":[{"href":"https:\/\/libreriahistoriasdebolsillo.com\/index.php\/wp-json\/wp\/v2\/types\/product"}],"wp:featuredmedia":[{"embeddable":true,"href":"https:\/\/libreriahistoriasdebolsillo.com\/index.php\/wp-json\/wp\/v2\/media\/4548"}],"wp:attachment":[{"href":"https:\/\/libreriahistoriasdebolsillo.com\/index.php\/wp-json\/wp\/v2\/media?parent=4547"}],"wp:term":[{"taxonomy":"product_brand","embeddable":true,"href":"https:\/\/libreriahistoriasdebolsillo.com\/index.php\/wp-json\/wp\/v2\/product_brand?post=4547"},{"taxonomy":"product_cat","embeddable":true,"href":"https:\/\/libreriahistoriasdebolsillo.com\/index.php\/wp-json\/wp\/v2\/product_cat?post=4547"},{"taxonomy":"product_tag","embeddable":true,"href":"https:\/\/libreriahistoriasdebolsillo.com\/index.php\/wp-json\/wp\/v2\/product_tag?post=4547"}],"curies":[{"name":"wp","href":"https:\/\/api.w.org\/{rel}","templated":true}]}}