{"id":4549,"date":"2024-04-27T11:07:06","date_gmt":"2024-04-27T17:07:06","guid":{"rendered":"https:\/\/libreriahistoriasdebolsillo.com\/?post_type=product&#038;p=4549"},"modified":"2024-07-01T15:02:52","modified_gmt":"2024-07-01T21:02:52","slug":"trilogia-bill-hodges-3-fin-de-guardia","status":"publish","type":"product","link":"https:\/\/libreriahistoriasdebolsillo.com\/index.php\/producto\/trilogia-bill-hodges-3-fin-de-guardia\/","title":{"rendered":"Trilog\u00eda Bill Hodges 3. Fin de guardia"},"content":{"rendered":"<p>Al detective retirado Bill Hodges, que dirige una\u00a0<b>agencia de investigaci\u00f3n privada<\/b>\u00a0con Holly, le diagnostican un c\u00e1ncer de p\u00e1ncreas terminal. En ese momento Hodges investiga una serie de suicidios con un punto en com\u00fan: todos los fallecidos tuvieron relaci\u00f3n con Brady Hartsfield, el tristemente famoso\u00a0<b>Mercedes<\/b>.<\/p>\n<p>Hodges y Holly dejaron al asesino en un estado vegetativo del que no se ha recuperado. Sin embargo, se le han estado suministrando drogas experimentales gracias a las cuales ha desarrollado la capacidad de mover objetos con la mente y de\u00a0<b>entrar en los cuerpos<\/b>\u00a0de ciertas personas vulnerables a su control, arrastr\u00e1ndolas a la muerte.<\/p>\n<p>Algunos asesinos usan cuchillos; otros, pistolas o incluso coches, pero todos tienen un objetivo en mente:<b>\u00a0volverte loco.\u00a0<\/b>Hodges y Hartsfield, Hartsfield y Hodges: la antigua batalla est\u00e1 a punto de llegar a su fin.<\/p>\n<p>\u00abEl narrador no nos lleva ventaja, sino que avanza con nosotros, al mismo tiempo y en caliente, emocion\u00e1ndose con el lector y, tambi\u00e9n con \u00e9l, estremeci\u00e9ndose de miedo.\u00bb<\/p>\n<p><i>ABC<\/i><\/p>\n","protected":false},"excerpt":{"rendered":"<p>Stephen King<\/p>\n","protected":false},"featured_media":4550,"template":"","meta":{"_joinchat":[]},"product_brand":[],"product_cat":[37],"product_tag":[34],"class_list":{"0":"post-4549","1":"product","2":"type-product","3":"status-publish","4":"has-post-thumbnail","6":"product_cat-misterio-y-thriller","7":"product_tag-penguin-random-house","9":"first","10":"outofstock","11":"shipping-taxable","12":"purchasable","13":"product-type-simple"},"_links":{"self":[{"href":"https:\/\/libreriahistoriasdebolsillo.com\/index.php\/wp-json\/wp\/v2\/product\/4549","targetHints":{"allow":["GET"]}}],"collection":[{"href":"https:\/\/libreriahistoriasdebolsillo.com\/index.php\/wp-json\/wp\/v2\/product"}],"about":[{"href":"https:\/\/libreriahistoriasdebolsillo.com\/index.php\/wp-json\/wp\/v2\/types\/product"}],"wp:featuredmedia":[{"embeddable":true,"href":"https:\/\/libreriahistoriasdebolsillo.com\/index.php\/wp-json\/wp\/v2\/media\/4550"}],"wp:attachment":[{"href":"https:\/\/libreriahistoriasdebolsillo.com\/index.php\/wp-json\/wp\/v2\/media?parent=4549"}],"wp:term":[{"taxonomy":"product_brand","embeddable":true,"href":"https:\/\/libreriahistoriasdebolsillo.com\/index.php\/wp-json\/wp\/v2\/product_brand?post=4549"},{"taxonomy":"product_cat","embeddable":true,"href":"https:\/\/libreriahistoriasdebolsillo.com\/index.php\/wp-json\/wp\/v2\/product_cat?post=4549"},{"taxonomy":"product_tag","embeddable":true,"href":"https:\/\/libreriahistoriasdebolsillo.com\/index.php\/wp-json\/wp\/v2\/product_tag?post=4549"}],"curies":[{"name":"wp","href":"https:\/\/api.w.org\/{rel}","templated":true}]}}