{"id":4551,"date":"2024-04-27T11:09:37","date_gmt":"2024-04-27T17:09:37","guid":{"rendered":"https:\/\/libreriahistoriasdebolsillo.com\/?post_type=product&#038;p=4551"},"modified":"2024-07-01T15:02:47","modified_gmt":"2024-07-01T21:02:47","slug":"el-juego-de-gerald","status":"publish","type":"product","link":"https:\/\/libreriahistoriasdebolsillo.com\/index.php\/producto\/el-juego-de-gerald\/","title":{"rendered":"El juego de Gerald"},"content":{"rendered":"<p>En una caba\u00f1a aislada, desnuda y esposada a la cabecera de la cama, Jessie asiste inerte al macabro desenlace del juego er\u00f3tico de Gerald, el hombre con quien ha convivido durante veinte a\u00f1os y que ahora est\u00e1 tendido en el suelo junto al lecho, muerto.<\/p>\n<p>Sola, sin poder liberarse, acuciada por el hambre y la sed y asediada por los fantasmas del pasado, Jessie se enfrenta al desaf\u00edo de sobrevivir a la situaci\u00f3n, mientras va adquiriendo conciencia de que la realidad es a\u00fan m\u00e1s pavorosa que la peor de sus pesadillas.<\/p>\n<p><b>La cr\u00edtica ha dicho&#8230;<\/b><br \/>\n\u00abUno de sus mejores libros.\u00bb<br \/>\n<i>USA Today<\/i><\/p>\n","protected":false},"excerpt":{"rendered":"<p>Stephen King<\/p>\n","protected":false},"featured_media":4552,"template":"","meta":{"_joinchat":[]},"product_brand":[],"product_cat":[37,36],"product_tag":[34],"class_list":{"0":"post-4551","1":"product","2":"type-product","3":"status-publish","4":"has-post-thumbnail","6":"product_cat-misterio-y-thriller","7":"product_cat-terror-y-paranormal","8":"product_tag-penguin-random-house","10":"first","11":"outofstock","12":"shipping-taxable","13":"purchasable","14":"product-type-simple"},"_links":{"self":[{"href":"https:\/\/libreriahistoriasdebolsillo.com\/index.php\/wp-json\/wp\/v2\/product\/4551","targetHints":{"allow":["GET"]}}],"collection":[{"href":"https:\/\/libreriahistoriasdebolsillo.com\/index.php\/wp-json\/wp\/v2\/product"}],"about":[{"href":"https:\/\/libreriahistoriasdebolsillo.com\/index.php\/wp-json\/wp\/v2\/types\/product"}],"wp:featuredmedia":[{"embeddable":true,"href":"https:\/\/libreriahistoriasdebolsillo.com\/index.php\/wp-json\/wp\/v2\/media\/4552"}],"wp:attachment":[{"href":"https:\/\/libreriahistoriasdebolsillo.com\/index.php\/wp-json\/wp\/v2\/media?parent=4551"}],"wp:term":[{"taxonomy":"product_brand","embeddable":true,"href":"https:\/\/libreriahistoriasdebolsillo.com\/index.php\/wp-json\/wp\/v2\/product_brand?post=4551"},{"taxonomy":"product_cat","embeddable":true,"href":"https:\/\/libreriahistoriasdebolsillo.com\/index.php\/wp-json\/wp\/v2\/product_cat?post=4551"},{"taxonomy":"product_tag","embeddable":true,"href":"https:\/\/libreriahistoriasdebolsillo.com\/index.php\/wp-json\/wp\/v2\/product_tag?post=4551"}],"curies":[{"name":"wp","href":"https:\/\/api.w.org\/{rel}","templated":true}]}}