{"id":4553,"date":"2024-04-27T11:11:41","date_gmt":"2024-04-27T17:11:41","guid":{"rendered":"https:\/\/libreriahistoriasdebolsillo.com\/?post_type=product&#038;p=4553"},"modified":"2024-07-01T15:02:39","modified_gmt":"2024-07-01T21:02:39","slug":"desesperacion","status":"publish","type":"product","link":"https:\/\/libreriahistoriasdebolsillo.com\/index.php\/producto\/desesperacion\/","title":{"rendered":"Desesperaci\u00f3n"},"content":{"rendered":"<p>En la interestatal 50, en el des\u00e9rtico y solitario tramo que atraviesa Nevada, un gato muerto ensartado en un cartel da la bienvenida al peque\u00f1o pueblo minero de Desesperaci\u00f3n. All\u00ed, un polic\u00eda local\u00a0<b>pose\u00eddo\u00a0<\/b>por un perverso ser se ha erigido en autoridad suprema y sanguinaria, y elige sus\u00a0<b>v\u00edctimas\u00a0<\/b>entre los escasos veh\u00edculos que circulan por la carretera. Aquellos que mueren r\u00e1pidamente son en realidad los m\u00e1s afortunados, ya que para los supervivientes Desesperaci\u00f3n se convertir\u00e1 en el escenario de una\u00a0<b>horrenda pesadilla<\/b>&#8230;<\/p>\n","protected":false},"excerpt":{"rendered":"<p>Stephen King<\/p>\n","protected":false},"featured_media":4554,"template":"","meta":{"_joinchat":[]},"product_brand":[],"product_cat":[36],"product_tag":[34],"class_list":{"0":"post-4553","1":"product","2":"type-product","3":"status-publish","4":"has-post-thumbnail","6":"product_cat-terror-y-paranormal","7":"product_tag-penguin-random-house","9":"first","10":"outofstock","11":"shipping-taxable","12":"purchasable","13":"product-type-simple"},"_links":{"self":[{"href":"https:\/\/libreriahistoriasdebolsillo.com\/index.php\/wp-json\/wp\/v2\/product\/4553","targetHints":{"allow":["GET"]}}],"collection":[{"href":"https:\/\/libreriahistoriasdebolsillo.com\/index.php\/wp-json\/wp\/v2\/product"}],"about":[{"href":"https:\/\/libreriahistoriasdebolsillo.com\/index.php\/wp-json\/wp\/v2\/types\/product"}],"wp:featuredmedia":[{"embeddable":true,"href":"https:\/\/libreriahistoriasdebolsillo.com\/index.php\/wp-json\/wp\/v2\/media\/4554"}],"wp:attachment":[{"href":"https:\/\/libreriahistoriasdebolsillo.com\/index.php\/wp-json\/wp\/v2\/media?parent=4553"}],"wp:term":[{"taxonomy":"product_brand","embeddable":true,"href":"https:\/\/libreriahistoriasdebolsillo.com\/index.php\/wp-json\/wp\/v2\/product_brand?post=4553"},{"taxonomy":"product_cat","embeddable":true,"href":"https:\/\/libreriahistoriasdebolsillo.com\/index.php\/wp-json\/wp\/v2\/product_cat?post=4553"},{"taxonomy":"product_tag","embeddable":true,"href":"https:\/\/libreriahistoriasdebolsillo.com\/index.php\/wp-json\/wp\/v2\/product_tag?post=4553"}],"curies":[{"name":"wp","href":"https:\/\/api.w.org\/{rel}","templated":true}]}}