{"id":4557,"date":"2024-04-27T11:16:17","date_gmt":"2024-04-27T17:16:17","guid":{"rendered":"https:\/\/libreriahistoriasdebolsillo.com\/?post_type=product&#038;p=4557"},"modified":"2024-07-01T15:07:13","modified_gmt":"2024-07-01T21:07:13","slug":"la-pareja-de-al-lado","status":"publish","type":"product","link":"https:\/\/libreriahistoriasdebolsillo.com\/index.php\/producto\/la-pareja-de-al-lado\/","title":{"rendered":"La pareja de al lado"},"content":{"rendered":"<p>Tu vecina te dijo que preferir\u00eda que no llevaras a tu beb\u00e9 de seis meses a la cena. No es nada personal, simplemente no soporta sus llantos. Tu marido estaba de acuerdo. Despu\u00e9s de todo, ustedes viven en la casa de al lado. Pod\u00edan llevarse el monitor infantil y turnarse para pasar a verla cada media hora. Tu hija dorm\u00eda cuando fuiste a verla por \u00faltima vez. Sin embargo, en este momento, mientras subes corriendo las escaleras hasta su habitaci\u00f3n envuelta en un absoluto silencio, confirmas que tu peor pesadilla se ha hecho realidad: ha desaparecido. Nunca antes hab\u00edas tenido que llamar a la polic\u00eda. Ahora est\u00e1n en tu casa y qui\u00e9n sabe lo que puedan llegar a descubrir. \u00bfDe qu\u00e9 ser\u00edas capaz cuando has sobrepasado tus l\u00edmites?<\/p>\n","protected":false},"excerpt":{"rendered":"<p>Shari Lapena<\/p>\n","protected":false},"featured_media":4558,"template":"","meta":{"_joinchat":[]},"product_brand":[],"product_cat":[37],"product_tag":[34],"class_list":{"0":"post-4557","1":"product","2":"type-product","3":"status-publish","4":"has-post-thumbnail","6":"product_cat-misterio-y-thriller","7":"product_tag-penguin-random-house","9":"first","10":"outofstock","11":"shipping-taxable","12":"purchasable","13":"product-type-simple"},"_links":{"self":[{"href":"https:\/\/libreriahistoriasdebolsillo.com\/index.php\/wp-json\/wp\/v2\/product\/4557","targetHints":{"allow":["GET"]}}],"collection":[{"href":"https:\/\/libreriahistoriasdebolsillo.com\/index.php\/wp-json\/wp\/v2\/product"}],"about":[{"href":"https:\/\/libreriahistoriasdebolsillo.com\/index.php\/wp-json\/wp\/v2\/types\/product"}],"wp:featuredmedia":[{"embeddable":true,"href":"https:\/\/libreriahistoriasdebolsillo.com\/index.php\/wp-json\/wp\/v2\/media\/4558"}],"wp:attachment":[{"href":"https:\/\/libreriahistoriasdebolsillo.com\/index.php\/wp-json\/wp\/v2\/media?parent=4557"}],"wp:term":[{"taxonomy":"product_brand","embeddable":true,"href":"https:\/\/libreriahistoriasdebolsillo.com\/index.php\/wp-json\/wp\/v2\/product_brand?post=4557"},{"taxonomy":"product_cat","embeddable":true,"href":"https:\/\/libreriahistoriasdebolsillo.com\/index.php\/wp-json\/wp\/v2\/product_cat?post=4557"},{"taxonomy":"product_tag","embeddable":true,"href":"https:\/\/libreriahistoriasdebolsillo.com\/index.php\/wp-json\/wp\/v2\/product_tag?post=4557"}],"curies":[{"name":"wp","href":"https:\/\/api.w.org\/{rel}","templated":true}]}}