{"id":4561,"date":"2024-04-27T11:21:17","date_gmt":"2024-04-27T17:21:17","guid":{"rendered":"https:\/\/libreriahistoriasdebolsillo.com\/?post_type=product&#038;p=4561"},"modified":"2024-07-01T15:05:11","modified_gmt":"2024-07-01T21:05:11","slug":"mexico-acribillado","status":"publish","type":"product","link":"https:\/\/libreriahistoriasdebolsillo.com\/index.php\/producto\/mexico-acribillado\/","title":{"rendered":"M\u00e9xico acribillado"},"content":{"rendered":"<p>La versi\u00f3n oficial dice que, siendo presidente electo<b>, \u00c1lvaro Obreg\u00f3n<\/b>\u00a0fue asesinado a tiros por Jos\u00e9 de Le\u00f3n Toral, pero la autopsia encontr\u00f3 en el cuerpo 13 orificios de entrada y seis de salida de balas de distintos calibres, y concluy\u00f3 que, o el tirador us\u00f3 varias pistolas, o hubo seis tiradores. Para colmo, los posibles testigos de los hechos fueron muriendo, tambi\u00e9n asesinados o en circunstancias extra\u00f1as, pocos meses despu\u00e9s de aquel terrible\u00a0<b>17 de julio<\/b>\u00a0de 1928.<\/p>\n<p>La lista de\u00a0<b>sospechosos<\/b>\u00a0de tanta desgracia y verg\u00fcenza nacional incluye al presidente Plutarco El\u00edas Calles, al fundador de la crom, Luis N. Morones, a la renombrada madre Conchita, y a una serie de oscuros personajes encumbrados del\u00a0<b>clero de M\u00e9xico<\/b>, quienesorganizaron un boicot comercial a nivel nacional para poner de rodillas al gobierno y cerraron los templos para privar de consuelo espiritual a la feligres\u00eda y enardecerla.<\/p>\n<p>Estos datos fueron ocultados cuidadosamente durante 80 a\u00f1os y\u00a0<b>salieron a la luz<\/b>\u00a0gracias a esta gran novela hist\u00f3rica y reveladora, respaldada por una investigaci\u00f3nminuciosa y plena de acci\u00f3n e intriga\u2026 La trama incluye un verdadero rosario de asesinatos hist\u00f3ricos, entre ellos, los de\u00a0<b>Madero, Carranza<\/b>,\u00a0<b>Serrano<\/b>,\u00a0<b>Villa<\/b>\u00a0y otros tantos m\u00e1s.<\/p>\n","protected":false},"excerpt":{"rendered":"<p>Franc\u00edsco Martin Moreno<\/p>\n","protected":false},"featured_media":4562,"template":"","meta":{"_joinchat":[]},"product_brand":[],"product_cat":[56],"product_tag":[34],"class_list":{"0":"post-4561","1":"product","2":"type-product","3":"status-publish","4":"has-post-thumbnail","6":"product_cat-historica","7":"product_tag-penguin-random-house","9":"first","10":"outofstock","11":"shipping-taxable","12":"purchasable","13":"product-type-simple"},"_links":{"self":[{"href":"https:\/\/libreriahistoriasdebolsillo.com\/index.php\/wp-json\/wp\/v2\/product\/4561","targetHints":{"allow":["GET"]}}],"collection":[{"href":"https:\/\/libreriahistoriasdebolsillo.com\/index.php\/wp-json\/wp\/v2\/product"}],"about":[{"href":"https:\/\/libreriahistoriasdebolsillo.com\/index.php\/wp-json\/wp\/v2\/types\/product"}],"wp:featuredmedia":[{"embeddable":true,"href":"https:\/\/libreriahistoriasdebolsillo.com\/index.php\/wp-json\/wp\/v2\/media\/4562"}],"wp:attachment":[{"href":"https:\/\/libreriahistoriasdebolsillo.com\/index.php\/wp-json\/wp\/v2\/media?parent=4561"}],"wp:term":[{"taxonomy":"product_brand","embeddable":true,"href":"https:\/\/libreriahistoriasdebolsillo.com\/index.php\/wp-json\/wp\/v2\/product_brand?post=4561"},{"taxonomy":"product_cat","embeddable":true,"href":"https:\/\/libreriahistoriasdebolsillo.com\/index.php\/wp-json\/wp\/v2\/product_cat?post=4561"},{"taxonomy":"product_tag","embeddable":true,"href":"https:\/\/libreriahistoriasdebolsillo.com\/index.php\/wp-json\/wp\/v2\/product_tag?post=4561"}],"curies":[{"name":"wp","href":"https:\/\/api.w.org\/{rel}","templated":true}]}}