{"id":4569,"date":"2024-04-27T11:30:17","date_gmt":"2024-04-27T17:30:17","guid":{"rendered":"https:\/\/libreriahistoriasdebolsillo.com\/?post_type=product&#038;p=4569"},"modified":"2024-07-01T15:05:40","modified_gmt":"2024-07-01T21:05:40","slug":"yo-antes-de-ti-3-sigo-siendo-yo","status":"publish","type":"product","link":"https:\/\/libreriahistoriasdebolsillo.com\/index.php\/producto\/yo-antes-de-ti-3-sigo-siendo-yo\/","title":{"rendered":"Yo antes de ti 3. Sigo siendo yo"},"content":{"rendered":"<p><span class=\"a-text-bold\">De la autora de Yo antes de ti y Despu\u00e9s de ti, el esperado nuevo libro de la hero\u00edna que nos rob\u00f3 el coraz\u00f3n. Ganador de Mejor Ficci\u00f3n 2018 de Goodreads.<\/span><\/p>\n<p>Lou Clark sabe demasiadas cosasSabe cuantos kil\u00f3metros hay entre su nuevo hogar en Nueva York y su nuevo novio, Sam, en Londres. Sabe que su jefe es un buen hombre y sabe que su mujer le est\u00e1 ocultando un secreto. Lo que Lou no sabe es que est\u00e1 a punto de conocer a alguien que va a poner toda su vida patas arriba. Porque Josh le recordar\u00e1 tanto a un hombre que conoc\u00eda que hace que el coraz\u00f3n le duela. Lou no sabe lo que har\u00e1 a continuaci\u00f3n, lo que s\u00ed sabe es que cualquier decisi\u00f3n lo cambiar\u00e1 todo para siempre.<\/p>\n","protected":false},"excerpt":{"rendered":"<p>Jojo Moyes<\/p>\n","protected":false},"featured_media":4570,"template":"","meta":{"_joinchat":[]},"product_brand":[],"product_cat":[35],"product_tag":[34],"class_list":{"0":"post-4569","1":"product","2":"type-product","3":"status-publish","4":"has-post-thumbnail","6":"product_cat-romantica","7":"product_tag-penguin-random-house","9":"first","10":"outofstock","11":"shipping-taxable","12":"purchasable","13":"product-type-simple"},"_links":{"self":[{"href":"https:\/\/libreriahistoriasdebolsillo.com\/index.php\/wp-json\/wp\/v2\/product\/4569","targetHints":{"allow":["GET"]}}],"collection":[{"href":"https:\/\/libreriahistoriasdebolsillo.com\/index.php\/wp-json\/wp\/v2\/product"}],"about":[{"href":"https:\/\/libreriahistoriasdebolsillo.com\/index.php\/wp-json\/wp\/v2\/types\/product"}],"wp:featuredmedia":[{"embeddable":true,"href":"https:\/\/libreriahistoriasdebolsillo.com\/index.php\/wp-json\/wp\/v2\/media\/4570"}],"wp:attachment":[{"href":"https:\/\/libreriahistoriasdebolsillo.com\/index.php\/wp-json\/wp\/v2\/media?parent=4569"}],"wp:term":[{"taxonomy":"product_brand","embeddable":true,"href":"https:\/\/libreriahistoriasdebolsillo.com\/index.php\/wp-json\/wp\/v2\/product_brand?post=4569"},{"taxonomy":"product_cat","embeddable":true,"href":"https:\/\/libreriahistoriasdebolsillo.com\/index.php\/wp-json\/wp\/v2\/product_cat?post=4569"},{"taxonomy":"product_tag","embeddable":true,"href":"https:\/\/libreriahistoriasdebolsillo.com\/index.php\/wp-json\/wp\/v2\/product_tag?post=4569"}],"curies":[{"name":"wp","href":"https:\/\/api.w.org\/{rel}","templated":true}]}}