{"id":4571,"date":"2024-04-27T11:32:16","date_gmt":"2024-04-27T17:32:16","guid":{"rendered":"https:\/\/libreriahistoriasdebolsillo.com\/?post_type=product&#038;p=4571"},"modified":"2026-03-14T18:08:57","modified_gmt":"2026-03-15T00:08:57","slug":"el-club-de-la-pelea-2","status":"publish","type":"product","link":"https:\/\/libreriahistoriasdebolsillo.com\/index.php\/producto\/el-club-de-la-pelea-2\/","title":{"rendered":"El club de la pelea"},"content":{"rendered":"<p><b>La primera regla del club de la pelea es no hablar del club de la pelea.<\/b><\/p>\n<p>Cada fin de semana, un pu\u00f1ado de j\u00f3venes oficinistas se quitan los zapatos y las camisas y pelean entre s\u00ed hasta la extenuaci\u00f3n. Los lunes vuelven a sus despachos con los ojos amoratados y un embriagador sentimiento de omnipotencia. Pero estas reuniones son s\u00f3lo el comienzo del plan con el que\u00a0<b>Tyler Durden<\/b>, proyeccionista, mesero y oscuro genio an\u00e1rquico, aspira a vengarse de una sociedad paralizada por el consumismo exacerbado.<\/p>\n<p><b>La cr\u00edtica ha opinado:<\/b><\/p>\n<p>\u00abUna novela corrosiva e hilarante.\u00bb &#8211;<i>The Washington Post Book World<\/i><\/p>\n","protected":false},"excerpt":{"rendered":"<p>Chuck Palahniuk<\/p>\n","protected":false},"featured_media":4572,"template":"","meta":{"_joinchat":[]},"product_brand":[],"product_cat":[78],"product_tag":[34],"class_list":{"0":"post-4571","1":"product","2":"type-product","3":"status-publish","4":"has-post-thumbnail","6":"product_cat-contemporanea","7":"product_tag-penguin-random-house","9":"first","10":"outofstock","11":"shipping-taxable","12":"purchasable","13":"product-type-simple"},"_links":{"self":[{"href":"https:\/\/libreriahistoriasdebolsillo.com\/index.php\/wp-json\/wp\/v2\/product\/4571","targetHints":{"allow":["GET"]}}],"collection":[{"href":"https:\/\/libreriahistoriasdebolsillo.com\/index.php\/wp-json\/wp\/v2\/product"}],"about":[{"href":"https:\/\/libreriahistoriasdebolsillo.com\/index.php\/wp-json\/wp\/v2\/types\/product"}],"wp:featuredmedia":[{"embeddable":true,"href":"https:\/\/libreriahistoriasdebolsillo.com\/index.php\/wp-json\/wp\/v2\/media\/4572"}],"wp:attachment":[{"href":"https:\/\/libreriahistoriasdebolsillo.com\/index.php\/wp-json\/wp\/v2\/media?parent=4571"}],"wp:term":[{"taxonomy":"product_brand","embeddable":true,"href":"https:\/\/libreriahistoriasdebolsillo.com\/index.php\/wp-json\/wp\/v2\/product_brand?post=4571"},{"taxonomy":"product_cat","embeddable":true,"href":"https:\/\/libreriahistoriasdebolsillo.com\/index.php\/wp-json\/wp\/v2\/product_cat?post=4571"},{"taxonomy":"product_tag","embeddable":true,"href":"https:\/\/libreriahistoriasdebolsillo.com\/index.php\/wp-json\/wp\/v2\/product_tag?post=4571"}],"curies":[{"name":"wp","href":"https:\/\/api.w.org\/{rel}","templated":true}]}}