{"id":4573,"date":"2024-04-27T11:34:14","date_gmt":"2024-04-27T17:34:14","guid":{"rendered":"https:\/\/libreriahistoriasdebolsillo.com\/?post_type=product&#038;p=4573"},"modified":"2024-07-01T15:08:01","modified_gmt":"2024-07-01T21:08:01","slug":"ciclo-el-legado-2-eldest","status":"publish","type":"product","link":"https:\/\/libreriahistoriasdebolsillo.com\/index.php\/producto\/ciclo-el-legado-2-eldest\/","title":{"rendered":"Ciclo el legado 2. Eldest"},"content":{"rendered":"<p><b>Eragon<\/b>\u00a0y su dragona,<b>\u00a0Saphira,<\/b>\u00a0acaban de impedir que las poderosas fuerzas del rey Galbatorix, cruel regente del Imperio, destruyan para siempre al ej\u00e9rcito rebelde de los vardenos en Farthen D\u00fbr, la ciudad monta\u00f1a de los enanos. Pocos d\u00edas despu\u00e9s de la sangrienta batalla contra los \u00fargalos, Eragon y Saphira tienen que viajar a Ellesm\u00e9ra, el pa\u00eds de los elfos, para continuar con su formaci\u00f3nen la magia y en la lucha con la espada, las dos habilidades especiales de los\u00a0<b>Jinetes del Drag\u00f3n<\/b>, para poder enfrentarse al malvado rey. Los acompa\u00f1ar\u00e1n\u00a0<b>Arya<\/b>, la elfa, y\u00a0<b>Orik,<\/b>\u00a0el enano, en un viaje plagado de descubrimientos y aventuras, con parajes fabulosos y nuevas amistades. Pero el caos y la traici\u00f3n los acechar\u00e1n sin descanso, y Eragon no sabr\u00e1 en qui\u00e9n confiar.<\/p>\n<p>Entre tanto, los sonidos inconfundibles de la guerra tienen en vilo al reino de Alaga\u00ebsia. A Carvahall, cerca de las monta\u00f1as Vertebradas, tambi\u00e9nllega el miedo: dos Ra&#8217;zac han aparecido acompa\u00f1ados de un destacamento para capturar a<b>\u00a0Roran<\/b>, el primo de Eragon. Sin embargo, su deseo de vengar la muerte de su padre a manos de los Ra&#8217;zac lo llevar\u00e1 a tomar una decisi\u00f3n sin posibilidad de marcha atr\u00e1s. \u00bfPodr\u00e1 la sombra oscura y poderosa del rey aplastar a la resistencia? Eragon no puede huir para siempre&#8230;<\/p>\n","protected":false},"excerpt":{"rendered":"<p>Christopher Paolini<\/p>\n","protected":false},"featured_media":4574,"template":"","meta":{"_joinchat":[]},"product_brand":[],"product_cat":[39],"product_tag":[34],"class_list":{"0":"post-4573","1":"product","2":"type-product","3":"status-publish","4":"has-post-thumbnail","6":"product_cat-fantasia","7":"product_tag-penguin-random-house","9":"first","10":"outofstock","11":"shipping-taxable","12":"purchasable","13":"product-type-simple"},"_links":{"self":[{"href":"https:\/\/libreriahistoriasdebolsillo.com\/index.php\/wp-json\/wp\/v2\/product\/4573","targetHints":{"allow":["GET"]}}],"collection":[{"href":"https:\/\/libreriahistoriasdebolsillo.com\/index.php\/wp-json\/wp\/v2\/product"}],"about":[{"href":"https:\/\/libreriahistoriasdebolsillo.com\/index.php\/wp-json\/wp\/v2\/types\/product"}],"wp:featuredmedia":[{"embeddable":true,"href":"https:\/\/libreriahistoriasdebolsillo.com\/index.php\/wp-json\/wp\/v2\/media\/4574"}],"wp:attachment":[{"href":"https:\/\/libreriahistoriasdebolsillo.com\/index.php\/wp-json\/wp\/v2\/media?parent=4573"}],"wp:term":[{"taxonomy":"product_brand","embeddable":true,"href":"https:\/\/libreriahistoriasdebolsillo.com\/index.php\/wp-json\/wp\/v2\/product_brand?post=4573"},{"taxonomy":"product_cat","embeddable":true,"href":"https:\/\/libreriahistoriasdebolsillo.com\/index.php\/wp-json\/wp\/v2\/product_cat?post=4573"},{"taxonomy":"product_tag","embeddable":true,"href":"https:\/\/libreriahistoriasdebolsillo.com\/index.php\/wp-json\/wp\/v2\/product_tag?post=4573"}],"curies":[{"name":"wp","href":"https:\/\/api.w.org\/{rel}","templated":true}]}}