{"id":4577,"date":"2024-04-27T11:38:35","date_gmt":"2024-04-27T17:38:35","guid":{"rendered":"https:\/\/libreriahistoriasdebolsillo.com\/?post_type=product&#038;p=4577"},"modified":"2025-06-19T16:29:23","modified_gmt":"2025-06-19T22:29:23","slug":"el-padrino-1","status":"publish","type":"product","link":"https:\/\/libreriahistoriasdebolsillo.com\/index.php\/producto\/el-padrino-1\/","title":{"rendered":"El Padrino 1"},"content":{"rendered":"<p>La publicaci\u00f3n en 1969 de\u00a0<i>El Padrino\u00a0<\/i>convulsion\u00f3 el mundo literario. Por primera vez,\u00a0<b>la Mafia\u00a0<\/b>protagonizaba una novela y era retratada desde dentro. Mario Puzo la presentaba no como una mera asociaci\u00f3n de facinerosos, sino como una compleja sociedad con una cultura propia y una jerarqu\u00eda aceptada incluso m\u00e1s all\u00e1 de los c\u00edrculos del\u00a0<b>crimen organizado.<\/b><\/p>\n<p><i>El Padrino<\/i>\u00a0narra la historia de un hombre,<b>\u00a0Vito Corleone<\/b>, el capo m\u00e1srespetado de Nueva York. D\u00e9spota benevolente,\u00a0<b>implacable con sus rivales<\/b>, inteligente y fiel a los principios del honor y la amistad, Don Corleone dirige un emporio que abarca el fraude y la extorsi\u00f3n, los juegos de azar y el control de los sindicatos.<\/p>\n","protected":false},"excerpt":{"rendered":"<p>Mario Puzo<\/p>\n","protected":false},"featured_media":4578,"template":"","meta":{"_joinchat":[]},"product_brand":[],"product_cat":[37],"product_tag":[34],"class_list":{"0":"post-4577","1":"product","2":"type-product","3":"status-publish","4":"has-post-thumbnail","6":"product_cat-misterio-y-thriller","7":"product_tag-penguin-random-house","9":"first","10":"outofstock","11":"shipping-taxable","12":"purchasable","13":"product-type-simple"},"_links":{"self":[{"href":"https:\/\/libreriahistoriasdebolsillo.com\/index.php\/wp-json\/wp\/v2\/product\/4577","targetHints":{"allow":["GET"]}}],"collection":[{"href":"https:\/\/libreriahistoriasdebolsillo.com\/index.php\/wp-json\/wp\/v2\/product"}],"about":[{"href":"https:\/\/libreriahistoriasdebolsillo.com\/index.php\/wp-json\/wp\/v2\/types\/product"}],"wp:featuredmedia":[{"embeddable":true,"href":"https:\/\/libreriahistoriasdebolsillo.com\/index.php\/wp-json\/wp\/v2\/media\/4578"}],"wp:attachment":[{"href":"https:\/\/libreriahistoriasdebolsillo.com\/index.php\/wp-json\/wp\/v2\/media?parent=4577"}],"wp:term":[{"taxonomy":"product_brand","embeddable":true,"href":"https:\/\/libreriahistoriasdebolsillo.com\/index.php\/wp-json\/wp\/v2\/product_brand?post=4577"},{"taxonomy":"product_cat","embeddable":true,"href":"https:\/\/libreriahistoriasdebolsillo.com\/index.php\/wp-json\/wp\/v2\/product_cat?post=4577"},{"taxonomy":"product_tag","embeddable":true,"href":"https:\/\/libreriahistoriasdebolsillo.com\/index.php\/wp-json\/wp\/v2\/product_tag?post=4577"}],"curies":[{"name":"wp","href":"https:\/\/api.w.org\/{rel}","templated":true}]}}