{"id":4591,"date":"2024-04-27T11:53:43","date_gmt":"2024-04-27T17:53:43","guid":{"rendered":"https:\/\/libreriahistoriasdebolsillo.com\/?post_type=product&#038;p=4591"},"modified":"2025-02-18T11:55:19","modified_gmt":"2025-02-18T17:55:19","slug":"cronica-del-asesino-de-reyes-1-el-nombre-del-viento","status":"publish","type":"product","link":"https:\/\/libreriahistoriasdebolsillo.com\/index.php\/producto\/cronica-del-asesino-de-reyes-1-el-nombre-del-viento\/","title":{"rendered":"Cr\u00f3nica del asesino de reyes 1. El nombre del viento"},"content":{"rendered":"<p>M\u00fasico, ladr\u00f3n, mago, asesino y h\u00e9roe: \u00e9sta es la leyenda de Kvothe. Su verdadera historia s\u00f3lo empezar\u00e1 a contarla en El nombre del viento.<\/p>\n<p><b>\u00abViaj\u00e9, am\u00e9, perd\u00ed, confi\u00e9 y me traicionaron.\u00bb<\/b><\/p>\n<p>En una posada en tierra de nadie, un hombre se dispone a relatar, por primera vez, la aut\u00e9ntica historia de su vida. Una historia que \u00fanicamente \u00e9l conoce y que ha quedado diluida tras los rumores, las conjeturas y los cuentos de taberna que le han convertido en un personaje legendario a quien todos daban ya por muerto: Kvothe&#8230; m\u00fasico, mendigo, ladr\u00f3n, estudiante, mago, h\u00e9roe y asesino. Ahora va a revelar la verdad sobre s\u00ed mismo. Y para ello debe empezar por el principio: su infancia en una troupe de artistas itinerantes, los a\u00f1os malviviendo como un ladronzuelo en las calles de una gran ciudad y su llegada a una universidad donde esperaba encontrar todas las respuestas que hab\u00eda estado buscando.<\/p>\n<p>\u00abUna estupenda y fuera de lo com\u00fan novela de aventuras fant\u00e1sticas. Una celebraci\u00f3n del gusto de contar historias.\u00bb<\/p>\n<p>JUSTO NAVARRO, El pa\u00eds<\/p>\n","protected":false},"excerpt":{"rendered":"<p>Patrick Rothfuss<\/p>\n","protected":false},"featured_media":4592,"template":"","meta":{"_joinchat":[]},"product_brand":[],"product_cat":[39],"product_tag":[34],"class_list":{"0":"post-4591","1":"product","2":"type-product","3":"status-publish","4":"has-post-thumbnail","6":"product_cat-fantasia","7":"product_tag-penguin-random-house","9":"first","10":"outofstock","11":"shipping-taxable","12":"purchasable","13":"product-type-simple"},"_links":{"self":[{"href":"https:\/\/libreriahistoriasdebolsillo.com\/index.php\/wp-json\/wp\/v2\/product\/4591","targetHints":{"allow":["GET"]}}],"collection":[{"href":"https:\/\/libreriahistoriasdebolsillo.com\/index.php\/wp-json\/wp\/v2\/product"}],"about":[{"href":"https:\/\/libreriahistoriasdebolsillo.com\/index.php\/wp-json\/wp\/v2\/types\/product"}],"wp:featuredmedia":[{"embeddable":true,"href":"https:\/\/libreriahistoriasdebolsillo.com\/index.php\/wp-json\/wp\/v2\/media\/4592"}],"wp:attachment":[{"href":"https:\/\/libreriahistoriasdebolsillo.com\/index.php\/wp-json\/wp\/v2\/media?parent=4591"}],"wp:term":[{"taxonomy":"product_brand","embeddable":true,"href":"https:\/\/libreriahistoriasdebolsillo.com\/index.php\/wp-json\/wp\/v2\/product_brand?post=4591"},{"taxonomy":"product_cat","embeddable":true,"href":"https:\/\/libreriahistoriasdebolsillo.com\/index.php\/wp-json\/wp\/v2\/product_cat?post=4591"},{"taxonomy":"product_tag","embeddable":true,"href":"https:\/\/libreriahistoriasdebolsillo.com\/index.php\/wp-json\/wp\/v2\/product_tag?post=4591"}],"curies":[{"name":"wp","href":"https:\/\/api.w.org\/{rel}","templated":true}]}}