{"id":4593,"date":"2024-04-27T11:56:28","date_gmt":"2024-04-27T17:56:28","guid":{"rendered":"https:\/\/libreriahistoriasdebolsillo.com\/?post_type=product&#038;p=4593"},"modified":"2024-07-01T15:07:29","modified_gmt":"2024-07-01T21:07:29","slug":"cronica-del-asesino-de-reyes-2-el-temor-de-un-hombre-sabio","status":"publish","type":"product","link":"https:\/\/libreriahistoriasdebolsillo.com\/index.php\/producto\/cronica-del-asesino-de-reyes-2-el-temor-de-un-hombre-sabio\/","title":{"rendered":"Cr\u00f3nica del asesino de reyes 2. El temor de un hombre sabio"},"content":{"rendered":"<p><b>El hombre hab\u00eda desaparecido. El mito no.<\/b><\/p>\n<p>M\u00fasico, mendigo, ladr\u00f3n, estudiante, mago, trotamundos, h\u00e9roe y asesino, Kvothe hab\u00eda borrado su rastro. Y ni siquiera ahora que lo han encontrado, ni siquiera ahora que las tinieblas invaden los rincones del mundo, est\u00e1 dispuesto a regresar. Pero su historia prosigue, la aventura contin\u00faa, y Kvothe seguir\u00e1 cont\u00e1ndola para revelar la verdad tras la leyenda.<\/p>\n","protected":false},"excerpt":{"rendered":"<p>Patrick Rothfuss<\/p>\n","protected":false},"featured_media":4594,"template":"","meta":{"_joinchat":[]},"product_brand":[],"product_cat":[39],"product_tag":[34],"class_list":{"0":"post-4593","1":"product","2":"type-product","3":"status-publish","4":"has-post-thumbnail","6":"product_cat-fantasia","7":"product_tag-penguin-random-house","9":"first","10":"outofstock","11":"shipping-taxable","12":"purchasable","13":"product-type-simple"},"_links":{"self":[{"href":"https:\/\/libreriahistoriasdebolsillo.com\/index.php\/wp-json\/wp\/v2\/product\/4593","targetHints":{"allow":["GET"]}}],"collection":[{"href":"https:\/\/libreriahistoriasdebolsillo.com\/index.php\/wp-json\/wp\/v2\/product"}],"about":[{"href":"https:\/\/libreriahistoriasdebolsillo.com\/index.php\/wp-json\/wp\/v2\/types\/product"}],"wp:featuredmedia":[{"embeddable":true,"href":"https:\/\/libreriahistoriasdebolsillo.com\/index.php\/wp-json\/wp\/v2\/media\/4594"}],"wp:attachment":[{"href":"https:\/\/libreriahistoriasdebolsillo.com\/index.php\/wp-json\/wp\/v2\/media?parent=4593"}],"wp:term":[{"taxonomy":"product_brand","embeddable":true,"href":"https:\/\/libreriahistoriasdebolsillo.com\/index.php\/wp-json\/wp\/v2\/product_brand?post=4593"},{"taxonomy":"product_cat","embeddable":true,"href":"https:\/\/libreriahistoriasdebolsillo.com\/index.php\/wp-json\/wp\/v2\/product_cat?post=4593"},{"taxonomy":"product_tag","embeddable":true,"href":"https:\/\/libreriahistoriasdebolsillo.com\/index.php\/wp-json\/wp\/v2\/product_tag?post=4593"}],"curies":[{"name":"wp","href":"https:\/\/api.w.org\/{rel}","templated":true}]}}