{"id":4595,"date":"2024-04-27T11:58:03","date_gmt":"2024-04-27T17:58:03","guid":{"rendered":"https:\/\/libreriahistoriasdebolsillo.com\/?post_type=product&#038;p=4595"},"modified":"2024-07-01T15:07:25","modified_gmt":"2024-07-01T21:07:25","slug":"cronica-del-asesino-de-reyes-3-la-musica-del-silencio","status":"publish","type":"product","link":"https:\/\/libreriahistoriasdebolsillo.com\/index.php\/producto\/cronica-del-asesino-de-reyes-3-la-musica-del-silencio\/","title":{"rendered":"Cr\u00f3nica del asesino de reyes 3. La m\u00fasica del silencio"},"content":{"rendered":"<p><b>Del autor #1 bestseller de\u00a0<i>The New York Times<\/i>, Patrick Rothfuss.<\/b><\/p>\n<p><b>Una historia protagonizada por Auri, uno de los personajes m\u00e1s queridos y enigm\u00e1ticos de El nombre del viento y El temor de un hombre sabio.<\/b><\/p>\n<p><i>Al despertar, Auri supo que faltaban siete d\u00edas. S\u00ed, estaba segura. \u00c9l ir\u00eda a visitarla al s\u00e9ptimo d\u00eda.<\/i><\/p>\n<p>La Universidad, el basti\u00f3n del conocimiento, atrae a las mentes m\u00e1s brillantes para aprender ciencias como la artificer\u00eda y la alquimia. Pero bajo esos edificios y sus concurridas aulas existe un mundo en penumbra. En ese laberinto de t\u00faneles antiguos, de salas y habitaciones abandonadas, de escaleras serpenteantes y pasillos semiderruidos vive Auri, otrora alumna de la Universidad. Ahora cuida de la Subrealidad, donde ha aprendido que hay misterios que no conviene remover. Ya no se deja enga\u00f1ar por la l\u00f3gica en la que tanto conf\u00edan en lo alto: ella sabe reconocer los sutiles peligros y los nombres olvidados que se ocultan bajo la superficie de las cosas.<\/p>\n","protected":false},"excerpt":{"rendered":"<p>Patrick Rothfuss<\/p>\n","protected":false},"featured_media":4596,"template":"","meta":{"_joinchat":[]},"product_brand":[],"product_cat":[39],"product_tag":[34],"class_list":{"0":"post-4595","1":"product","2":"type-product","3":"status-publish","4":"has-post-thumbnail","6":"product_cat-fantasia","7":"product_tag-penguin-random-house","9":"first","10":"outofstock","11":"shipping-taxable","12":"purchasable","13":"product-type-simple"},"_links":{"self":[{"href":"https:\/\/libreriahistoriasdebolsillo.com\/index.php\/wp-json\/wp\/v2\/product\/4595","targetHints":{"allow":["GET"]}}],"collection":[{"href":"https:\/\/libreriahistoriasdebolsillo.com\/index.php\/wp-json\/wp\/v2\/product"}],"about":[{"href":"https:\/\/libreriahistoriasdebolsillo.com\/index.php\/wp-json\/wp\/v2\/types\/product"}],"wp:featuredmedia":[{"embeddable":true,"href":"https:\/\/libreriahistoriasdebolsillo.com\/index.php\/wp-json\/wp\/v2\/media\/4596"}],"wp:attachment":[{"href":"https:\/\/libreriahistoriasdebolsillo.com\/index.php\/wp-json\/wp\/v2\/media?parent=4595"}],"wp:term":[{"taxonomy":"product_brand","embeddable":true,"href":"https:\/\/libreriahistoriasdebolsillo.com\/index.php\/wp-json\/wp\/v2\/product_brand?post=4595"},{"taxonomy":"product_cat","embeddable":true,"href":"https:\/\/libreriahistoriasdebolsillo.com\/index.php\/wp-json\/wp\/v2\/product_cat?post=4595"},{"taxonomy":"product_tag","embeddable":true,"href":"https:\/\/libreriahistoriasdebolsillo.com\/index.php\/wp-json\/wp\/v2\/product_tag?post=4595"}],"curies":[{"name":"wp","href":"https:\/\/api.w.org\/{rel}","templated":true}]}}