{"id":4597,"date":"2024-04-27T12:00:22","date_gmt":"2024-04-27T18:00:22","guid":{"rendered":"https:\/\/libreriahistoriasdebolsillo.com\/?post_type=product&#038;p=4597"},"modified":"2024-07-01T15:08:44","modified_gmt":"2024-07-01T21:08:44","slug":"el-archivo-de-las-tormentas-3-5-esquirla-del-amanecer","status":"publish","type":"product","link":"https:\/\/libreriahistoriasdebolsillo.com\/index.php\/producto\/el-archivo-de-las-tormentas-3-5-esquirla-del-amanecer\/","title":{"rendered":"El Archivo de las Tormentas 3.5. Esquirla del Amanecer"},"content":{"rendered":"<p>Tras el descubrimiento de un barco fantasma, cuya tripulaci\u00f3n al parecer muri\u00f3 intentando llegar a la isla de Akinah, rodeada por tormentas, Navani Kholin deber\u00e1 enviar una expedici\u00f3n para asegurarse de que la isla no haya ca\u00eddo en manos enemigas. Los Caballeros Radiantes que vuelan demasiado cerca de Akinah se encuentran de pronto con su luz tormentosa drenada, por lo que la traves\u00eda debe realizarse por mar.<\/p>\n<p>La naviera Rysn Ftori perdi\u00f3 el uso de las piernas, pero gan\u00f3 la compa\u00f1\u00eda de Chiri-Chiri, una larkin alada que se alimenta de luz tormentosa y pertenece a una especie que se cre\u00eda extinta. La mascota de Rysn ha enfermado y la \u00fanica esperanza de que Chiri-Chiri se recupere podr\u00eda encontrarse en el hogar ancestral de los larkin, Akinah. Con la ayuda de Lopen, el Corredor del Viento que antes era manco, Rysn tendr\u00e1 que aceptar el encargo de Navani y navegar hacia el interior de la peligrosa tormenta, de la que nadie ha vuelto con vida. Si su tripulaci\u00f3n no logra desvelar los secretos de la isla oculta antes de que caiga sobre ellos la ira de sus antiguos guardianes, el destino de Roshar y de todo el Cosmere pender\u00e1 de un hilo.<\/p>\n","protected":false},"excerpt":{"rendered":"<p>Brandon Sanderson<\/p>\n","protected":false},"featured_media":4598,"template":"","meta":{"_joinchat":[]},"product_brand":[],"product_cat":[39],"product_tag":[34],"class_list":{"0":"post-4597","1":"product","2":"type-product","3":"status-publish","4":"has-post-thumbnail","6":"product_cat-fantasia","7":"product_tag-penguin-random-house","9":"first","10":"outofstock","11":"shipping-taxable","12":"purchasable","13":"product-type-simple"},"_links":{"self":[{"href":"https:\/\/libreriahistoriasdebolsillo.com\/index.php\/wp-json\/wp\/v2\/product\/4597","targetHints":{"allow":["GET"]}}],"collection":[{"href":"https:\/\/libreriahistoriasdebolsillo.com\/index.php\/wp-json\/wp\/v2\/product"}],"about":[{"href":"https:\/\/libreriahistoriasdebolsillo.com\/index.php\/wp-json\/wp\/v2\/types\/product"}],"wp:featuredmedia":[{"embeddable":true,"href":"https:\/\/libreriahistoriasdebolsillo.com\/index.php\/wp-json\/wp\/v2\/media\/4598"}],"wp:attachment":[{"href":"https:\/\/libreriahistoriasdebolsillo.com\/index.php\/wp-json\/wp\/v2\/media?parent=4597"}],"wp:term":[{"taxonomy":"product_brand","embeddable":true,"href":"https:\/\/libreriahistoriasdebolsillo.com\/index.php\/wp-json\/wp\/v2\/product_brand?post=4597"},{"taxonomy":"product_cat","embeddable":true,"href":"https:\/\/libreriahistoriasdebolsillo.com\/index.php\/wp-json\/wp\/v2\/product_cat?post=4597"},{"taxonomy":"product_tag","embeddable":true,"href":"https:\/\/libreriahistoriasdebolsillo.com\/index.php\/wp-json\/wp\/v2\/product_tag?post=4597"}],"curies":[{"name":"wp","href":"https:\/\/api.w.org\/{rel}","templated":true}]}}