{"id":4599,"date":"2024-04-27T12:03:06","date_gmt":"2024-04-27T18:03:06","guid":{"rendered":"https:\/\/libreriahistoriasdebolsillo.com\/?post_type=product&#038;p=4599"},"modified":"2024-11-11T10:40:44","modified_gmt":"2024-11-11T16:40:44","slug":"las-intermitencias-de-la-muerte","status":"publish","type":"product","link":"https:\/\/libreriahistoriasdebolsillo.com\/index.php\/producto\/las-intermitencias-de-la-muerte\/","title":{"rendered":"Las intermitencias de la muerte"},"content":{"rendered":"<p><b>De Jos\u00e9 Saramago, Premio Nobel de Literatura 1998.<\/b><\/p>\n<p><b>En\u00a0<i>Las intermitencias de la muerte<\/i>, su autor realiza una profunda reflexi\u00f3n sobre la vida, la muerte y la condici\u00f3n humana, en una trama que la realidad, la ficci\u00f3n, el humor y el caos.<\/b><\/p>\n<p>En un pa\u00eds cuyo nombre no ser\u00e1 mencionado, se produce algo nunca visto: la muerte decide suspender su trabajo letal, la gente deja de morir. La euforia colectiva se desata, pero muy pronto dar\u00e1 paso a la desesperaci\u00f3n y al caos, a conciencias corrompidas por acuerdos entre caballeros, expl\u00edcitos o t\u00e1citos, entre el poder pol\u00edtico, las mafias y las familias, pues si es cierto que las personas ya no mueren, eso no significa que el tiempo se haya parado. El destino de los humanos ser\u00e1 una vejez eterna donde los ancianos son detestados por haberse convertido en estorbos inamovibles.<\/p>\n<p>Hasta el d\u00eda en que la muerte decide regresar&#8230;<\/p>\n","protected":false},"excerpt":{"rendered":"<p>Jos\u00e9 Saramago<\/p>\n","protected":false},"featured_media":4600,"template":"","meta":{"_joinchat":[]},"product_brand":[],"product_cat":[78],"product_tag":[34],"class_list":{"0":"post-4599","1":"product","2":"type-product","3":"status-publish","4":"has-post-thumbnail","6":"product_cat-contemporanea","7":"product_tag-penguin-random-house","9":"first","10":"outofstock","11":"shipping-taxable","12":"purchasable","13":"product-type-simple"},"_links":{"self":[{"href":"https:\/\/libreriahistoriasdebolsillo.com\/index.php\/wp-json\/wp\/v2\/product\/4599","targetHints":{"allow":["GET"]}}],"collection":[{"href":"https:\/\/libreriahistoriasdebolsillo.com\/index.php\/wp-json\/wp\/v2\/product"}],"about":[{"href":"https:\/\/libreriahistoriasdebolsillo.com\/index.php\/wp-json\/wp\/v2\/types\/product"}],"wp:featuredmedia":[{"embeddable":true,"href":"https:\/\/libreriahistoriasdebolsillo.com\/index.php\/wp-json\/wp\/v2\/media\/4600"}],"wp:attachment":[{"href":"https:\/\/libreriahistoriasdebolsillo.com\/index.php\/wp-json\/wp\/v2\/media?parent=4599"}],"wp:term":[{"taxonomy":"product_brand","embeddable":true,"href":"https:\/\/libreriahistoriasdebolsillo.com\/index.php\/wp-json\/wp\/v2\/product_brand?post=4599"},{"taxonomy":"product_cat","embeddable":true,"href":"https:\/\/libreriahistoriasdebolsillo.com\/index.php\/wp-json\/wp\/v2\/product_cat?post=4599"},{"taxonomy":"product_tag","embeddable":true,"href":"https:\/\/libreriahistoriasdebolsillo.com\/index.php\/wp-json\/wp\/v2\/product_tag?post=4599"}],"curies":[{"name":"wp","href":"https:\/\/api.w.org\/{rel}","templated":true}]}}